{"id":11702,"date":"2025-05-07T15:13:43","date_gmt":"2025-05-07T13:13:43","guid":{"rendered":"https:\/\/www.plugandtrack.com\/?page_id=11702"},"modified":"2025-05-07T15:57:27","modified_gmt":"2025-05-07T13:57:27","slug":"fonctions-thermotrack-webserve","status":"publish","type":"page","link":"https:\/\/www.plugandtrack.com\/fr\/fonctions-thermotrack-webserve\/","title":{"rendered":"Fonctions Thermotrack-Webserve"},"content":{"rendered":"<h3>Retrouvez ici toutes les fonctions disponibles dans Thermotrack-Webserve<\/h3>\n<ol>\n<li><a href=\"#accueil\">Page d&#8217;accueil<\/a><\/li>\n<li><a href=\"#detail\">D\u00e9tail d&#8217;un \u00c9quipement<\/a><\/li>\n<li><a href=\"#reglage\">R\u00e9glage d&#8217;un \u00c9quipement<\/a><\/li>\n<li><a href=\"#utilisateurs\">Utilisateurs<\/a><\/li>\n<li><a href=\"#alarmes\">Alarmes<\/a><\/li>\n<li><a href=\"#justifications\">Justifications d&#8217;alarmes<\/a><\/li>\n<li><a href=\"#calibrage\">Calibrage<\/a><\/li>\n<li><a href=\"#evenements\">Liste des \u00c9v\u00e8nements<\/a><\/li>\n<li><a href=\"#rapports\">Rapports personnalisables<\/a><\/li>\n<li><a href=\"#exports\">Impressions et Exports<\/a><\/li>\n<li><a href=\"#plans\">Plans<\/a><\/li>\n<li><a href=\"#comptes\">Param\u00e8tres de compte avanc\u00e9s<\/a><\/li>\n<li><a href=\"#parametres\">Param\u00e8tres surveill\u00e9s<\/a><\/li>\n<li><a href=\"#materiels\">Mat\u00e9riels compatibles<\/a><\/li>\n<\/ol>\n<hr \/>\n<h3 id=\"accueil\">Page d&#8217;accueil<\/h3>\n<ul>\n<li>Vue liste avec derni\u00e8re valeur, EMT, statut, localisation<\/li>\n<li>Vue Mosa\u00efque avec derni\u00e8re valeur, localisation, couleur du statut, type d\u2019\u00e9quipement<\/li>\n<li>Vue Plan (avec couleur du statut)<\/li>\n<li>Vue Carte (Pixie) avec position g\u00e9ographique et code couleur selon statut<\/li>\n<li>Vue Tableaux de bord personnalisables avec choix des Equipement et code couleur selon statut<\/li>\n<li>Impression de Codes barres par Equipement pour consultation via smartphone<\/li>\n<\/ul>\n<p><a href=\"#top\">\u2191 Retour en haut<\/a><\/p>\n<h3 id=\"detail\">D\u00e9tail d&#8217;un Equipement<\/h3>\n<ul>\n<li>Choix de la p\u00e9riode (Derni\u00e8res 24 ou 48 heures, 7 derniers jours, plage de dates)<\/li>\n<li>Courbe avec zoom \u00e0 la souris et affichage des niveaux d&#8217;alarme haut et bas<\/li>\n<li>Liste des valeurs avec valeur mini maxi, moyenne, MKT<\/li>\n<li>Liste des alarmes avec date de d\u00e9but, date de fin, dur\u00e9e, temp\u00e9rature moyenne, justification<\/li>\n<li>Liste des \u00e9v\u00e8nements et modifications (Audit Trail)<\/li>\n<li>Acc\u00e8s aux donn\u00e9es de calibrage<\/li>\n<li>Superposition de courbes avec maxi 5 autres Equipements<\/li>\n<li>Fiche de vie de l&#8217;\u00e9quipement avec ajout de documents PDF et notes<\/li>\n<\/ul>\n<p><a href=\"#top\">\u2191 Retour en haut<\/a><\/p>\n<h3 id=\"reglage\">R\u00e9glage d&#8217;un \u00c9quipement<\/h3>\n<ul>\n<li>Niveau d&#8217;alarme haut et bas<\/li>\n<li>Niveaux de pr\u00e9 alarme<\/li>\n<li>Temporisation des alarmes et pr\u00e9 alarmes<\/li>\n<li>Calendrier de diffusion des alarmes (jours et heures)<\/li>\n<li>D\u00e9sactivation de l&#8217;envoi d&#8217;alarme (maintenance)<\/li>\n<li>Choix des destinataires des alarmes et modes d&#8217;envoi<\/li>\n<li>Fr\u00e9quence de rappel des alarmes<\/li>\n<li>Activation de la justification d&#8217;alarme<\/li>\n<li>Choix de l&#8217;icone pour la vue en Mosa\u00efque<\/li>\n<\/ul>\n<p><a href=\"#top\">\u2191 Retour en haut<\/a><\/p>\n<h3 id=\"utilisateurs\">Utilisateurs<\/h3>\n<ul>\n<li>Nombre illimit\u00e9 d&#8217;utilisateurs<\/li>\n<li>Acc\u00e8s par identifiant et mots de passe<\/li>\n<li>Mots de passe chiffr\u00e9s avec gestion des validit\u00e9s<\/li>\n<li>Choix du R\u00f4le\n<ul>\n<li>Super Administrateurs (Tous les droits)<\/li>\n<li>Administrateurs (Droits limit\u00e9s \u00e0 certains \u00c9quipements)<\/li>\n<li>Utilisateurs (Consultation et justification d&#8217;alarme seulement)<\/li>\n<\/ul>\n<\/li>\n<li>Choix des \u00c9quipements surveill\u00e9s (Administrateurs et Utilisateurs)<\/li>\n<li>Choix des modes de r\u00e9ception d&#8217;alarmes (Email, SMS, notifications, Pop-Up)<\/li>\n<li>Calendrier de r\u00e9ception des alarmes (Jours et heures)<\/li>\n<li>Choix de la page d&#8217;accueil (Mosa\u00efque, Liste, Plan, Carte)<\/li>\n<li>Choix de la langue (Fran\u00e7ais, Anglais, Espagnol, Allemand, N\u00e9erlandais)<\/li>\n<\/ul>\n<p><a href=\"#top\">\u2191 Retour en haut<\/a><\/p>\n<h3 id=\"alarmes\">Alarmes<\/h3>\n<ul>\n<li>Sur d\u00e9passement de seuils (temp\u00e9rature, humidit\u00e9, etc&#8230;)<\/li>\n<li>Sur non d\u00e9tection de sonde<\/li>\n<li>Sur batterie faible<\/li>\n<li>Sur expiration de validit\u00e9 d&#8217;\u00e9talonnage<\/li>\n<li>Envoi par SMS<\/li>\n<li>Envoi par Email<\/li>\n<li>Envoi par Pop-Up Sonore et Visuelle sur PC<\/li>\n<li>Envoi par Notifications iPhone et Android<\/li>\n<li>D\u00e9clenchement de Sir\u00e8ne<\/li>\n<li>Envoi des alarmes en cascade (utilisateur 1, puis 2, puis 3)<\/li>\n<\/ul>\n<p><a href=\"#top\">\u2191 Retour en haut<\/a><\/p>\n<h3 id=\"justifications\">Justifications d&#8217;alarmes<\/h3>\n<ul>\n<li>Choix de l&#8217;activation par Equipement<\/li>\n<li>Personnalisation des motifs de justification<\/li>\n<li>Identification de l&#8217;utilisateur lors de la justification (Identifiant et mot de passe)<\/li>\n<li>Affichage des justifications dans les listes d&#8217;alarme et rapports PDF<\/li>\n<li>Envoi de confirmations de justification aux autres utilisateurs<\/li>\n<\/ul>\n<p><a href=\"#top\">\u2191 Retour en haut<\/a><\/p>\n<h3 id=\"calibrage\">Calibrage<\/h3>\n<ul>\n<li>Calibrage en Temp\u00e9rature et\/ou Humidit\u00e9<\/li>\n<li>Int\u00e9gration automatique de vos certificats d&#8217;\u00e9talonnage PDF<\/li>\n<li>Stockage des certificats d&#8217;\u00e9talonnages PDF<\/li>\n<li>Valeur Etalon, Valeur Instrument, Correction, Incertitude<\/li>\n<li>Choix de la m\u00e9thode de correction (Lin\u00e9aire jusqu&#8217;\u00e0 5 points, Quadratique, Offset)<\/li>\n<li>Choix de la date d&#8217;expiration<\/li>\n<li>Envoi de rappels d&#8217;\u00e9talonnage 30 jours avant expiration<\/li>\n<li>Int\u00e9gration de l&#8217;incertitude d&#8217;\u00e9talonnage dans le param\u00e9trage des alarmes<\/li>\n<\/ul>\n<p><a href=\"#top\">\u2191 Retour en haut<\/a><\/p>\n<h3 id=\"evenements\">Liste des \u00c9v\u00e8nements (Audit Trail CFR21 part 11)<\/h3>\n<ul>\n<li>Tra\u00e7abilit\u00e9 des modifications de param\u00e9trage\n<ul>\n<li>Modification des \u00c9quipements<\/li>\n<li>Modification des Utilisateurs<\/li>\n<\/ul>\n<\/li>\n<li>Tra\u00e7abilit\u00e9 des connexions utilisateurs<\/li>\n<\/ul>\n<p><a href=\"#top\">\u2191 Retour en haut<\/a><\/p>\n<h3 id=\"rapports\">Rapports personnalisables<\/h3>\n<ul>\n<li>Envoi de rapports PDF \u00e0 intervalle r\u00e9gulier avec courbe, liste des alarmes et justifications<\/li>\n<li>S\u00e9lection des \u00c9quipements<\/li>\n<li>S\u00e9lection des destinataires<\/li>\n<\/ul>\n<p><a href=\"#top\">\u2191 Retour en haut<\/a><\/p>\n<h3 id=\"exports\">Impressions et Exports<\/h3>\n<ul>\n<li>Courbes : PDF et Jpeg<\/li>\n<li>Liste des valeurs : PDF, Excel<\/li>\n<li>Liste des alarmes d&#8217;un Equipement : PDF, Excel<\/li>\n<li>Liste des alarmes de tous les \u00e9quipements : PDF, Excel<\/li>\n<li>Liste des \u00c9v\u00e8nements (Audit Trail) : PDF, Excel<\/li>\n<li>Rapports personnalis\u00e9s : PDF<\/li>\n<li>API (XML, Jason) pour int\u00e9gration dans logiciel Tiers (ERP, LIMS\u2026)<\/li>\n<\/ul>\n<p><a href=\"#top\">\u2191 Retour en haut<\/a><\/p>\n<h3 id=\"plans\">Plans<\/h3>\n<ul>\n<li>Nombre de plans illimit\u00e9<\/li>\n<li>Importation de plans au format PNG et Jpeg<\/li>\n<li>Placement des Equipements sur les images<\/li>\n<\/ul>\n<p><a href=\"#top\">\u2191 Retour en haut<\/a><\/p>\n<h3 id=\"comptes\">Param\u00e8tres de compte avanc\u00e9s (Super administrateurs)<\/h3>\n<ul>\n<li>Mots de passe expirant tous les X jours<\/li>\n<li>Longueur et structure des mots de passe<\/li>\n<li>Justifications d&#8217;alarmes personnalis\u00e9es<\/li>\n<li>Activation des pr\u00e9 alarmes<\/li>\n<li>Activation des alarmes programmables (incubateurs programmables)<\/li>\n<li>Activation des rappels d&#8217;alarmes pour alarmes non justifi\u00e9es<\/li>\n<li>Activation du d\u00e9calage des EMT en fonction des incertitudes d&#8217;\u00e9talonnage<\/li>\n<li>Justifications d&#8217;alarmes en masse<\/li>\n<\/ul>\n<p><a href=\"#top\">\u2191 Retour en haut<\/a><\/p>\n<h3 id=\"parametres\">Param\u00e8tres surveill\u00e9s<\/h3>\n<ul>\n<li>Temp\u00e9rature<\/li>\n<li>Humidit\u00e9<\/li>\n<li>CO2 (% et ppm)<\/li>\n<li>Pression, Pression diff\u00e9rentielle<\/li>\n<li>Ouverture de porte<\/li>\n<li>\u00c9tat de contact (Ouvert \/ Ferm\u00e9)<\/li>\n<li>Tout param\u00e8tre issu de capteurs \u00e0 sortie 4.20 mA (Gaz\u2026)<\/li>\n<\/ul>\n<p><a href=\"#top\">\u2191 Retour en haut<\/a><\/p>\n<h3 id=\"materiels\">Mat\u00e9riels compatibles<\/h3>\n<ul>\n<li>Sensor Net Connects Ethernet<\/li>\n<li>Enregistreurs sans fil FoxNet<\/li>\n<li>Enregistreurs sans fil NB-IOT Ivy<\/li>\n<li>Enregistreurs Bluetooth avec GPS Pixie Truck<\/li>\n<li>Thermo et Hygro Boutons<\/li>\n<li>Instruments \u00e0 rel\u00e8ve manuelle<\/li>\n<\/ul>\n<p><a href=\"#top\">\u2191 Retour en haut<\/a><\/p>\n","protected":false},"excerpt":{"rendered":"<p>Retrouvez ici toutes les fonctions disponibles dans Thermotrack-Webserve Page d&#8217;accueil D\u00e9tail d&#8217;un \u00c9quipement R\u00e9glage d&#8217;un&#8230;<\/p>\n","protected":false},"author":6,"featured_media":0,"parent":0,"menu_order":0,"comment_status":"closed","ping_status":"closed","template":"","meta":{"_acf_changed":false,"footnotes":""},"class_list":["post-11702","page","type-page","status-publish","hentry"],"acf":[],"yoast_head":"<!-- This site is optimized with the Yoast SEO Premium plugin v26.6 (Yoast SEO v27.3) - https:\/\/yoast.com\/product\/yoast-seo-premium-wordpress\/ -->\n<title>Fonctions Thermotrack-Webserve Plug and Track<\/title>\n<meta name=\"description\" content=\"D\u00e9couvrez les fonctions Thermotrack Webserve pour le suivi et la gestion des temp\u00e9rature de vos \u00e9quipements en temps r\u00e9el.\" \/>\n<meta name=\"robots\" content=\"index, follow, max-snippet:-1, max-image-preview:large, max-video-preview:-1\" \/>\n<link rel=\"canonical\" href=\"https:\/\/www.plugandtrack.com\/fr\/fonctions-thermotrack-webserve\/\" \/>\n<meta property=\"og:locale\" content=\"fr_FR\" \/>\n<meta property=\"og:type\" content=\"article\" \/>\n<meta property=\"og:title\" content=\"Fonctions Thermotrack-Webserve\" \/>\n<meta property=\"og:description\" content=\"D\u00e9couvrez les fonctions Thermotrack Webserve pour le suivi et la gestion des temp\u00e9rature de vos \u00e9quipements en temps r\u00e9el.\" \/>\n<meta property=\"og:url\" content=\"https:\/\/www.plugandtrack.com\/fr\/fonctions-thermotrack-webserve\/\" \/>\n<meta property=\"og:site_name\" content=\"Plug and Track\" \/>\n<meta property=\"article:modified_time\" content=\"2025-05-07T13:57:27+00:00\" \/>\n<meta name=\"twitter:card\" content=\"summary_large_image\" \/>\n<meta name=\"twitter:site\" content=\"@plugandtrack\" \/>\n<meta name=\"twitter:label1\" content=\"Dur\u00e9e de lecture estim\u00e9e\" \/>\n\t<meta name=\"twitter:data1\" content=\"4 minutes\" \/>\n<script type=\"application\/ld+json\" class=\"yoast-schema-graph\">{\"@context\":\"https:\\\/\\\/schema.org\",\"@graph\":[{\"@type\":\"Article\",\"@id\":\"https:\\\/\\\/www.plugandtrack.com\\\/fr\\\/fonctions-thermotrack-webserve\\\/#article\",\"isPartOf\":{\"@id\":\"https:\\\/\\\/www.plugandtrack.com\\\/fr\\\/fonctions-thermotrack-webserve\\\/\"},\"author\":{\"name\":\"Benoist MACE\",\"@id\":\"https:\\\/\\\/www.plugandtrack.com\\\/fr\\\/#\\\/schema\\\/person\\\/b8ad2b0496def6e41c31b418dc362597\"},\"headline\":\"Fonctions Thermotrack-Webserve\",\"datePublished\":\"2025-05-07T13:13:43+00:00\",\"dateModified\":\"2025-05-07T13:57:27+00:00\",\"mainEntityOfPage\":{\"@id\":\"https:\\\/\\\/www.plugandtrack.com\\\/fr\\\/fonctions-thermotrack-webserve\\\/\"},\"wordCount\":812,\"publisher\":{\"@id\":\"https:\\\/\\\/www.plugandtrack.com\\\/fr\\\/#organization\"},\"inLanguage\":\"fr-FR\"},{\"@type\":\"WebPage\",\"@id\":\"https:\\\/\\\/www.plugandtrack.com\\\/fr\\\/fonctions-thermotrack-webserve\\\/\",\"url\":\"https:\\\/\\\/www.plugandtrack.com\\\/fr\\\/fonctions-thermotrack-webserve\\\/\",\"name\":\"Fonctions Thermotrack-Webserve Plug and Track\",\"isPartOf\":{\"@id\":\"https:\\\/\\\/www.plugandtrack.com\\\/fr\\\/#website\"},\"datePublished\":\"2025-05-07T13:13:43+00:00\",\"dateModified\":\"2025-05-07T13:57:27+00:00\",\"description\":\"D\u00e9couvrez les fonctions Thermotrack Webserve pour le suivi et la gestion des temp\u00e9rature de vos \u00e9quipements en temps r\u00e9el.\",\"inLanguage\":\"fr-FR\",\"potentialAction\":[{\"@type\":\"ReadAction\",\"target\":[\"https:\\\/\\\/www.plugandtrack.com\\\/fr\\\/fonctions-thermotrack-webserve\\\/\"]}]},{\"@type\":\"WebSite\",\"@id\":\"https:\\\/\\\/www.plugandtrack.com\\\/fr\\\/#website\",\"url\":\"https:\\\/\\\/www.plugandtrack.com\\\/fr\\\/\",\"name\":\"Plug and Track\",\"description\":\"Sondes &amp; Enregistreurs de Temp\u00e9rature, Humidit\u00e9. Logiciels de contr\u00f4le et de surveillance avec envoi d&#039;alarmes\",\"publisher\":{\"@id\":\"https:\\\/\\\/www.plugandtrack.com\\\/fr\\\/#organization\"},\"potentialAction\":[{\"@type\":\"SearchAction\",\"target\":{\"@type\":\"EntryPoint\",\"urlTemplate\":\"https:\\\/\\\/www.plugandtrack.com\\\/fr\\\/?s={search_term_string}\"},\"query-input\":{\"@type\":\"PropertyValueSpecification\",\"valueRequired\":true,\"valueName\":\"search_term_string\"}}],\"inLanguage\":\"fr-FR\"},{\"@type\":\"Organization\",\"@id\":\"https:\\\/\\\/www.plugandtrack.com\\\/fr\\\/#organization\",\"name\":\"PLUG AND TRACK\",\"alternateName\":\"PROGES PLUS\",\"url\":\"https:\\\/\\\/www.plugandtrack.com\\\/fr\\\/\",\"logo\":{\"@type\":\"ImageObject\",\"inLanguage\":\"fr-FR\",\"@id\":\"https:\\\/\\\/www.plugandtrack.com\\\/fr\\\/#\\\/schema\\\/logo\\\/image\\\/\",\"url\":\"https:\\\/\\\/www.plugandtrack.com\\\/wp-content\\\/uploads\\\/2020\\\/03\\\/cropped-favicon-pat.png\",\"contentUrl\":\"https:\\\/\\\/www.plugandtrack.com\\\/wp-content\\\/uploads\\\/2020\\\/03\\\/cropped-favicon-pat.png\",\"width\":512,\"height\":512,\"caption\":\"PLUG AND TRACK\"},\"image\":{\"@id\":\"https:\\\/\\\/www.plugandtrack.com\\\/fr\\\/#\\\/schema\\\/logo\\\/image\\\/\"},\"sameAs\":[\"https:\\\/\\\/x.com\\\/plugandtrack\",\"https:\\\/\\\/www.linkedin.com\\\/company\\\/plug-and-track\"],\"description\":\"Plug and Track est une entreprise fran\u00e7aise, sp\u00e9cialis\u00e9e dans la surveillance en temps r\u00e9el des temp\u00e9ratures, de l\u2019humidit\u00e9 et d\u2019autres param\u00e8tres physiques essentiels pour divers secteurs tels que la pharmacie, l'agroalimentaire, et la recherche. Les produits de Plug and Track incluent des enregistreurs de temp\u00e9rature comme les Thermo et Hygro Boutons, des sondes de temp\u00e9rature connect\u00e9es en utilisant l\u2019ethernet, les liaisons sans fil, NB-IoT, GSM ausi que des solutions sp\u00e9cialis\u00e9es pour les camions frigorifiques et les serveurs informatiques. Ces dispositifs permettent non seulement un suivi d\u00e9taill\u00e9 mais aussi l'envoi d'alertes automatiques en cas de d\u00e9passements de seuils critiques, assurant ainsi la conformit\u00e9 r\u00e9glementaire et la s\u00e9curit\u00e9 des produits sensibles. Avec une gamme allant des sondes simples aux syst\u00e8mes int\u00e9gr\u00e9s plus complexes, Plug and Track r\u00e9pond aux besoins sp\u00e9cifiques de surveillance, de conformit\u00e9 r\u00e9glementaire, et d\u2019efficacit\u00e9 op\u00e9rationnelle pour ses clients. Leur engagement envers la qualit\u00e9 et l'innovation technologique fait de Plug and Track un leader dans le domaine de la surveillance de conditions critiques.\",\"email\":\"proges@proges.cpm\",\"telephone\":\"+33320646363\",\"legalName\":\"PROGES PLUS\",\"foundingDate\":\"1985-10-01\",\"vatID\":\"FR53333601573\",\"taxID\":\"FR5333360157300046\",\"numberOfEmployees\":{\"@type\":\"QuantitativeValue\",\"minValue\":\"11\",\"maxValue\":\"50\"}},{\"@type\":\"Person\",\"@id\":\"https:\\\/\\\/www.plugandtrack.com\\\/fr\\\/#\\\/schema\\\/person\\\/b8ad2b0496def6e41c31b418dc362597\",\"name\":\"Benoist MACE\",\"image\":{\"@type\":\"ImageObject\",\"inLanguage\":\"fr-FR\",\"@id\":\"https:\\\/\\\/secure.gravatar.com\\\/avatar\\\/083e5a0c821b7e8432040c747b140f9c4a270d8238c8e2fb0776dcbee856ba99?s=96&d=mm&r=g\",\"url\":\"https:\\\/\\\/secure.gravatar.com\\\/avatar\\\/083e5a0c821b7e8432040c747b140f9c4a270d8238c8e2fb0776dcbee856ba99?s=96&d=mm&r=g\",\"contentUrl\":\"https:\\\/\\\/secure.gravatar.com\\\/avatar\\\/083e5a0c821b7e8432040c747b140f9c4a270d8238c8e2fb0776dcbee856ba99?s=96&d=mm&r=g\",\"caption\":\"Benoist MACE\"},\"knowsAbout\":[\"Chaine du Froid\",\"Technologie\",\"Logiciels\",\"Mesure\"],\"jobTitle\":\"Business Unit Manager\",\"worksFor\":\"Plug and Track Proges Plus\",\"url\":\"https:\\\/\\\/www.plugandtrack.com\\\/fr\\\/author\\\/bmace\\\/\"}]}<\/script>\n<!-- \/ Yoast SEO Premium plugin. -->","yoast_head_json":{"title":"Fonctions Thermotrack-Webserve Plug and Track","description":"D\u00e9couvrez les fonctions Thermotrack Webserve pour le suivi et la gestion des temp\u00e9rature de vos \u00e9quipements en temps r\u00e9el.","robots":{"index":"index","follow":"follow","max-snippet":"max-snippet:-1","max-image-preview":"max-image-preview:large","max-video-preview":"max-video-preview:-1"},"canonical":"https:\/\/www.plugandtrack.com\/fr\/fonctions-thermotrack-webserve\/","og_locale":"fr_FR","og_type":"article","og_title":"Fonctions Thermotrack-Webserve","og_description":"D\u00e9couvrez les fonctions Thermotrack Webserve pour le suivi et la gestion des temp\u00e9rature de vos \u00e9quipements en temps r\u00e9el.","og_url":"https:\/\/www.plugandtrack.com\/fr\/fonctions-thermotrack-webserve\/","og_site_name":"Plug and Track","article_modified_time":"2025-05-07T13:57:27+00:00","twitter_card":"summary_large_image","twitter_site":"@plugandtrack","twitter_misc":{"Dur\u00e9e de lecture estim\u00e9e":"4 minutes"},"schema":{"@context":"https:\/\/schema.org","@graph":[{"@type":"Article","@id":"https:\/\/www.plugandtrack.com\/fr\/fonctions-thermotrack-webserve\/#article","isPartOf":{"@id":"https:\/\/www.plugandtrack.com\/fr\/fonctions-thermotrack-webserve\/"},"author":{"name":"Benoist MACE","@id":"https:\/\/www.plugandtrack.com\/fr\/#\/schema\/person\/b8ad2b0496def6e41c31b418dc362597"},"headline":"Fonctions Thermotrack-Webserve","datePublished":"2025-05-07T13:13:43+00:00","dateModified":"2025-05-07T13:57:27+00:00","mainEntityOfPage":{"@id":"https:\/\/www.plugandtrack.com\/fr\/fonctions-thermotrack-webserve\/"},"wordCount":812,"publisher":{"@id":"https:\/\/www.plugandtrack.com\/fr\/#organization"},"inLanguage":"fr-FR"},{"@type":"WebPage","@id":"https:\/\/www.plugandtrack.com\/fr\/fonctions-thermotrack-webserve\/","url":"https:\/\/www.plugandtrack.com\/fr\/fonctions-thermotrack-webserve\/","name":"Fonctions Thermotrack-Webserve Plug and Track","isPartOf":{"@id":"https:\/\/www.plugandtrack.com\/fr\/#website"},"datePublished":"2025-05-07T13:13:43+00:00","dateModified":"2025-05-07T13:57:27+00:00","description":"D\u00e9couvrez les fonctions Thermotrack Webserve pour le suivi et la gestion des temp\u00e9rature de vos \u00e9quipements en temps r\u00e9el.","inLanguage":"fr-FR","potentialAction":[{"@type":"ReadAction","target":["https:\/\/www.plugandtrack.com\/fr\/fonctions-thermotrack-webserve\/"]}]},{"@type":"WebSite","@id":"https:\/\/www.plugandtrack.com\/fr\/#website","url":"https:\/\/www.plugandtrack.com\/fr\/","name":"Plug and Track","description":"Sondes &amp; Enregistreurs de Temp\u00e9rature, Humidit\u00e9. Logiciels de contr\u00f4le et de surveillance avec envoi d&#039;alarmes","publisher":{"@id":"https:\/\/www.plugandtrack.com\/fr\/#organization"},"potentialAction":[{"@type":"SearchAction","target":{"@type":"EntryPoint","urlTemplate":"https:\/\/www.plugandtrack.com\/fr\/?s={search_term_string}"},"query-input":{"@type":"PropertyValueSpecification","valueRequired":true,"valueName":"search_term_string"}}],"inLanguage":"fr-FR"},{"@type":"Organization","@id":"https:\/\/www.plugandtrack.com\/fr\/#organization","name":"PLUG AND TRACK","alternateName":"PROGES PLUS","url":"https:\/\/www.plugandtrack.com\/fr\/","logo":{"@type":"ImageObject","inLanguage":"fr-FR","@id":"https:\/\/www.plugandtrack.com\/fr\/#\/schema\/logo\/image\/","url":"https:\/\/www.plugandtrack.com\/wp-content\/uploads\/2020\/03\/cropped-favicon-pat.png","contentUrl":"https:\/\/www.plugandtrack.com\/wp-content\/uploads\/2020\/03\/cropped-favicon-pat.png","width":512,"height":512,"caption":"PLUG AND TRACK"},"image":{"@id":"https:\/\/www.plugandtrack.com\/fr\/#\/schema\/logo\/image\/"},"sameAs":["https:\/\/x.com\/plugandtrack","https:\/\/www.linkedin.com\/company\/plug-and-track"],"description":"Plug and Track est une entreprise fran\u00e7aise, sp\u00e9cialis\u00e9e dans la surveillance en temps r\u00e9el des temp\u00e9ratures, de l\u2019humidit\u00e9 et d\u2019autres param\u00e8tres physiques essentiels pour divers secteurs tels que la pharmacie, l'agroalimentaire, et la recherche. Les produits de Plug and Track incluent des enregistreurs de temp\u00e9rature comme les Thermo et Hygro Boutons, des sondes de temp\u00e9rature connect\u00e9es en utilisant l\u2019ethernet, les liaisons sans fil, NB-IoT, GSM ausi que des solutions sp\u00e9cialis\u00e9es pour les camions frigorifiques et les serveurs informatiques. Ces dispositifs permettent non seulement un suivi d\u00e9taill\u00e9 mais aussi l'envoi d'alertes automatiques en cas de d\u00e9passements de seuils critiques, assurant ainsi la conformit\u00e9 r\u00e9glementaire et la s\u00e9curit\u00e9 des produits sensibles. Avec une gamme allant des sondes simples aux syst\u00e8mes int\u00e9gr\u00e9s plus complexes, Plug and Track r\u00e9pond aux besoins sp\u00e9cifiques de surveillance, de conformit\u00e9 r\u00e9glementaire, et d\u2019efficacit\u00e9 op\u00e9rationnelle pour ses clients. Leur engagement envers la qualit\u00e9 et l'innovation technologique fait de Plug and Track un leader dans le domaine de la surveillance de conditions critiques.","email":"proges@proges.cpm","telephone":"+33320646363","legalName":"PROGES PLUS","foundingDate":"1985-10-01","vatID":"FR53333601573","taxID":"FR5333360157300046","numberOfEmployees":{"@type":"QuantitativeValue","minValue":"11","maxValue":"50"}},{"@type":"Person","@id":"https:\/\/www.plugandtrack.com\/fr\/#\/schema\/person\/b8ad2b0496def6e41c31b418dc362597","name":"Benoist MACE","image":{"@type":"ImageObject","inLanguage":"fr-FR","@id":"https:\/\/secure.gravatar.com\/avatar\/083e5a0c821b7e8432040c747b140f9c4a270d8238c8e2fb0776dcbee856ba99?s=96&d=mm&r=g","url":"https:\/\/secure.gravatar.com\/avatar\/083e5a0c821b7e8432040c747b140f9c4a270d8238c8e2fb0776dcbee856ba99?s=96&d=mm&r=g","contentUrl":"https:\/\/secure.gravatar.com\/avatar\/083e5a0c821b7e8432040c747b140f9c4a270d8238c8e2fb0776dcbee856ba99?s=96&d=mm&r=g","caption":"Benoist MACE"},"knowsAbout":["Chaine du Froid","Technologie","Logiciels","Mesure"],"jobTitle":"Business Unit Manager","worksFor":"Plug and Track Proges Plus","url":"https:\/\/www.plugandtrack.com\/fr\/author\/bmace\/"}]}},"_links":{"self":[{"href":"https:\/\/www.plugandtrack.com\/fr\/wp-json\/wp\/v2\/pages\/11702","targetHints":{"allow":["GET"]}}],"collection":[{"href":"https:\/\/www.plugandtrack.com\/fr\/wp-json\/wp\/v2\/pages"}],"about":[{"href":"https:\/\/www.plugandtrack.com\/fr\/wp-json\/wp\/v2\/types\/page"}],"author":[{"embeddable":true,"href":"https:\/\/www.plugandtrack.com\/fr\/wp-json\/wp\/v2\/users\/6"}],"replies":[{"embeddable":true,"href":"https:\/\/www.plugandtrack.com\/fr\/wp-json\/wp\/v2\/comments?post=11702"}],"version-history":[{"count":0,"href":"https:\/\/www.plugandtrack.com\/fr\/wp-json\/wp\/v2\/pages\/11702\/revisions"}],"wp:attachment":[{"href":"https:\/\/www.plugandtrack.com\/fr\/wp-json\/wp\/v2\/media?parent=11702"}],"curies":[{"name":"wp","href":"https:\/\/api.w.org\/{rel}","templated":true}]}}