{"id":2725,"date":"2021-03-09T01:00:23","date_gmt":"2021-03-09T00:00:23","guid":{"rendered":"https:\/\/www.plugandtrack.com\/produits\/module-de-cartographie-denceinte\/"},"modified":"2024-11-26T08:45:05","modified_gmt":"2024-11-26T07:45:05","slug":"modulo-de-cartografia-camaras","status":"publish","type":"product","link":"https:\/\/www.plugandtrack.com\/es\/dataloggers-sondas\/modulo-de-cartografia-camaras\/","title":{"rendered":"M\u00f3dulo de cartografia Thermotrack PC"},"content":{"rendered":"","protected":false},"excerpt":{"rendered":"","protected":false},"featured_media":3634,"template":"","product-filter":[4140,4134,4122,4167],"job_type":[],"product_function":[],"product_support":[],"class_list":["post-2725","product","type-product","status-publish","has-post-thumbnail","hentry"],"acf":[],"yoast_head":"<!-- This site is optimized with the Yoast SEO Premium plugin v26.6 (Yoast SEO v27.1.1) - https:\/\/yoast.com\/product\/yoast-seo-premium-wordpress\/ -->\n<title>M\u00f3dulos de cartografia para registradores de temperatura<\/title>\n<meta name=\"description\" content=\"Es fac\u00edl hacer sur cartograf\u00edas de c\u00e1maras clim\u00e1ticas gracias al m\u00f3dulo de cartografia de Thermotrack PC conectado a sus registradores de temperatura.\" \/>\n<meta name=\"robots\" content=\"index, follow, max-snippet:-1, max-image-preview:large, max-video-preview:-1\" \/>\n<link rel=\"canonical\" href=\"https:\/\/www.plugandtrack.com\/es\/dataloggers-sondas\/modulo-de-cartografia-camaras\/\" \/>\n<meta property=\"og:locale\" content=\"es_ES\" \/>\n<meta property=\"og:type\" content=\"article\" \/>\n<meta property=\"og:title\" content=\"M\u00f3dulo de cartografia Thermotrack PC\" \/>\n<meta property=\"og:description\" content=\"Es fac\u00edl hacer sur cartograf\u00edas de c\u00e1maras clim\u00e1ticas gracias al m\u00f3dulo de cartografia de Thermotrack PC conectado a sus registradores de temperatura.\" \/>\n<meta property=\"og:url\" content=\"https:\/\/www.plugandtrack.com\/es\/dataloggers-sondas\/modulo-de-cartografia-camaras\/\" \/>\n<meta property=\"og:site_name\" content=\"Plug and Track\" \/>\n<meta property=\"article:modified_time\" content=\"2024-11-26T07:45:05+00:00\" \/>\n<meta property=\"og:image\" content=\"https:\/\/www.plugandtrack.com\/wp-content\/uploads\/2020\/04\/Module-cartographie-tuile-e1590735549391.jpg\" \/>\n\t<meta property=\"og:image:width\" content=\"387\" \/>\n\t<meta property=\"og:image:height\" content=\"255\" \/>\n\t<meta property=\"og:image:type\" content=\"image\/jpeg\" \/>\n<meta name=\"twitter:card\" content=\"summary_large_image\" \/>\n<meta name=\"twitter:site\" content=\"@plugandtrack\" \/>\n<script type=\"application\/ld+json\" class=\"yoast-schema-graph\">{\"@context\":\"https:\/\/schema.org\",\"@graph\":[{\"@type\":\"WebPage\",\"@id\":\"https:\/\/www.plugandtrack.com\/es\/dataloggers-sondas\/modulo-de-cartografia-camaras\/\",\"url\":\"https:\/\/www.plugandtrack.com\/es\/dataloggers-sondas\/modulo-de-cartografia-camaras\/\",\"name\":\"M\u00f3dulos de cartografia para registradores de temperatura\",\"isPartOf\":{\"@id\":\"https:\/\/www.plugandtrack.com\/es\/#website\"},\"primaryImageOfPage\":{\"@id\":\"https:\/\/www.plugandtrack.com\/es\/dataloggers-sondas\/modulo-de-cartografia-camaras\/#primaryimage\"},\"image\":{\"@id\":\"https:\/\/www.plugandtrack.com\/es\/dataloggers-sondas\/modulo-de-cartografia-camaras\/#primaryimage\"},\"thumbnailUrl\":\"https:\/\/www.plugandtrack.com\/wp-content\/uploads\/2020\/04\/Module-cartographie-tuile-e1590735549391.jpg\",\"datePublished\":\"2021-03-09T00:00:23+00:00\",\"dateModified\":\"2024-11-26T07:45:05+00:00\",\"description\":\"Es fac\u00edl hacer sur cartograf\u00edas de c\u00e1maras clim\u00e1ticas gracias al m\u00f3dulo de cartografia de Thermotrack PC conectado a sus registradores de temperatura.\",\"breadcrumb\":{\"@id\":\"https:\/\/www.plugandtrack.com\/es\/dataloggers-sondas\/modulo-de-cartografia-camaras\/#breadcrumb\"},\"inLanguage\":\"es\",\"potentialAction\":[{\"@type\":\"ReadAction\",\"target\":[\"https:\/\/www.plugandtrack.com\/es\/dataloggers-sondas\/modulo-de-cartografia-camaras\/\"]}]},{\"@type\":\"ImageObject\",\"inLanguage\":\"es\",\"@id\":\"https:\/\/www.plugandtrack.com\/es\/dataloggers-sondas\/modulo-de-cartografia-camaras\/#primaryimage\",\"url\":\"https:\/\/www.plugandtrack.com\/wp-content\/uploads\/2020\/04\/Module-cartographie-tuile-e1590735549391.jpg\",\"contentUrl\":\"https:\/\/www.plugandtrack.com\/wp-content\/uploads\/2020\/04\/Module-cartographie-tuile-e1590735549391.jpg\",\"width\":387,\"height\":255,\"caption\":\"module de qualification d\u2019enceinte bas\u00e9 sur les normes NFX15-140, FD X15140 et EN 600683-5\"},{\"@type\":\"BreadcrumbList\",\"@id\":\"https:\/\/www.plugandtrack.com\/es\/dataloggers-sondas\/modulo-de-cartografia-camaras\/#breadcrumb\",\"itemListElement\":[{\"@type\":\"ListItem\",\"position\":1,\"name\":\"Inicio\",\"item\":\"https:\/\/www.plugandtrack.com\/es\/\"},{\"@type\":\"ListItem\",\"position\":2,\"name\":\"Productos\"}]},{\"@type\":\"WebSite\",\"@id\":\"https:\/\/www.plugandtrack.com\/es\/#website\",\"url\":\"https:\/\/www.plugandtrack.com\/es\/\",\"name\":\"Plug and Track\",\"description\":\"Sondes &amp; Enregistreurs de Temp\u00e9rature, Humidit\u00e9. Logiciels de contr\u00f4le et de surveillance avec envoi d&#039;alarmes\",\"publisher\":{\"@id\":\"https:\/\/www.plugandtrack.com\/es\/#organization\"},\"potentialAction\":[{\"@type\":\"SearchAction\",\"target\":{\"@type\":\"EntryPoint\",\"urlTemplate\":\"https:\/\/www.plugandtrack.com\/es\/?s={search_term_string}\"},\"query-input\":{\"@type\":\"PropertyValueSpecification\",\"valueRequired\":true,\"valueName\":\"search_term_string\"}}],\"inLanguage\":\"es\"},{\"@type\":\"Organization\",\"@id\":\"https:\/\/www.plugandtrack.com\/es\/#organization\",\"name\":\"Plug and Track\",\"url\":\"https:\/\/www.plugandtrack.com\/es\/\",\"logo\":{\"@type\":\"ImageObject\",\"inLanguage\":\"es\",\"@id\":\"https:\/\/www.plugandtrack.com\/es\/#\/schema\/logo\/image\/\",\"url\":\"https:\/\/www.plugandtrack.com\/wp-content\/uploads\/2020\/03\/cropped-favicon-pat.png\",\"contentUrl\":\"https:\/\/www.plugandtrack.com\/wp-content\/uploads\/2020\/03\/cropped-favicon-pat.png\",\"width\":512,\"height\":512,\"caption\":\"Plug and Track\"},\"image\":{\"@id\":\"https:\/\/www.plugandtrack.com\/es\/#\/schema\/logo\/image\/\"},\"sameAs\":[\"https:\/\/x.com\/plugandtrack\",\"https:\/\/www.linkedin.com\/company\/plug-and-track\"],\"description\":\"Plug and Track est une entreprise fran\u00e7aise, sp\u00e9cialis\u00e9e dans la surveillance en temps r\u00e9el des temp\u00e9ratures, de l\u2019humidit\u00e9 et d\u2019autres param\u00e8tres physiques essentiels pour divers secteurs tels que la pharmacie, l'agroalimentaire, et la recherche. Les produits de Plug and Track incluent des enregistreurs de temp\u00e9rature comme les Thermo et Hygro Boutons, des sondes de temp\u00e9rature connect\u00e9es en utilisant l\u2019ethernet, les liaisons sans fil, NB-IoT, GSM ausi que des solutions sp\u00e9cialis\u00e9es pour les camions frigorifiques et les serveurs informatiques. Ces dispositifs permettent non seulement un suivi d\u00e9taill\u00e9 mais aussi l'envoi d'alertes automatiques en cas de d\u00e9passements de seuils critiques, assurant ainsi la conformit\u00e9 r\u00e9glementaire et la s\u00e9curit\u00e9 des produits sensibles. Avec une gamme allant des sondes simples aux syst\u00e8mes int\u00e9gr\u00e9s plus complexes, Plug and Track r\u00e9pond aux besoins sp\u00e9cifiques de surveillance, de conformit\u00e9 r\u00e9glementaire, et d\u2019efficacit\u00e9 op\u00e9rationnelle pour ses clients. Leur engagement envers la qualit\u00e9 et l'innovation technologique fait de Plug and Track un leader dans le domaine de la surveillance de conditions critiques.\",\"email\":\"proges@proges.cpm\",\"telephone\":\"+33320646363\",\"legalName\":\"PROGES PLUS\",\"foundingDate\":\"1985-10-01\",\"numberOfEmployees\":{\"@type\":\"QuantitativeValue\",\"minValue\":\"11\",\"maxValue\":\"50\"}}]}<\/script>\n<!-- \/ Yoast SEO Premium plugin. -->","yoast_head_json":{"title":"M\u00f3dulos de cartografia para registradores de temperatura","description":"Es fac\u00edl hacer sur cartograf\u00edas de c\u00e1maras clim\u00e1ticas gracias al m\u00f3dulo de cartografia de Thermotrack PC conectado a sus registradores de temperatura.","robots":{"index":"index","follow":"follow","max-snippet":"max-snippet:-1","max-image-preview":"max-image-preview:large","max-video-preview":"max-video-preview:-1"},"canonical":"https:\/\/www.plugandtrack.com\/es\/dataloggers-sondas\/modulo-de-cartografia-camaras\/","og_locale":"es_ES","og_type":"article","og_title":"M\u00f3dulo de cartografia Thermotrack PC","og_description":"Es fac\u00edl hacer sur cartograf\u00edas de c\u00e1maras clim\u00e1ticas gracias al m\u00f3dulo de cartografia de Thermotrack PC conectado a sus registradores de temperatura.","og_url":"https:\/\/www.plugandtrack.com\/es\/dataloggers-sondas\/modulo-de-cartografia-camaras\/","og_site_name":"Plug and Track","article_modified_time":"2024-11-26T07:45:05+00:00","og_image":[{"width":387,"height":255,"url":"https:\/\/www.plugandtrack.com\/wp-content\/uploads\/2020\/04\/Module-cartographie-tuile-e1590735549391.jpg","type":"image\/jpeg"}],"twitter_card":"summary_large_image","twitter_site":"@plugandtrack","schema":{"@context":"https:\/\/schema.org","@graph":[{"@type":"WebPage","@id":"https:\/\/www.plugandtrack.com\/es\/dataloggers-sondas\/modulo-de-cartografia-camaras\/","url":"https:\/\/www.plugandtrack.com\/es\/dataloggers-sondas\/modulo-de-cartografia-camaras\/","name":"M\u00f3dulos de cartografia para registradores de temperatura","isPartOf":{"@id":"https:\/\/www.plugandtrack.com\/es\/#website"},"primaryImageOfPage":{"@id":"https:\/\/www.plugandtrack.com\/es\/dataloggers-sondas\/modulo-de-cartografia-camaras\/#primaryimage"},"image":{"@id":"https:\/\/www.plugandtrack.com\/es\/dataloggers-sondas\/modulo-de-cartografia-camaras\/#primaryimage"},"thumbnailUrl":"https:\/\/www.plugandtrack.com\/wp-content\/uploads\/2020\/04\/Module-cartographie-tuile-e1590735549391.jpg","datePublished":"2021-03-09T00:00:23+00:00","dateModified":"2024-11-26T07:45:05+00:00","description":"Es fac\u00edl hacer sur cartograf\u00edas de c\u00e1maras clim\u00e1ticas gracias al m\u00f3dulo de cartografia de Thermotrack PC conectado a sus registradores de temperatura.","breadcrumb":{"@id":"https:\/\/www.plugandtrack.com\/es\/dataloggers-sondas\/modulo-de-cartografia-camaras\/#breadcrumb"},"inLanguage":"es","potentialAction":[{"@type":"ReadAction","target":["https:\/\/www.plugandtrack.com\/es\/dataloggers-sondas\/modulo-de-cartografia-camaras\/"]}]},{"@type":"ImageObject","inLanguage":"es","@id":"https:\/\/www.plugandtrack.com\/es\/dataloggers-sondas\/modulo-de-cartografia-camaras\/#primaryimage","url":"https:\/\/www.plugandtrack.com\/wp-content\/uploads\/2020\/04\/Module-cartographie-tuile-e1590735549391.jpg","contentUrl":"https:\/\/www.plugandtrack.com\/wp-content\/uploads\/2020\/04\/Module-cartographie-tuile-e1590735549391.jpg","width":387,"height":255,"caption":"module de qualification d\u2019enceinte bas\u00e9 sur les normes NFX15-140, FD X15140 et EN 600683-5"},{"@type":"BreadcrumbList","@id":"https:\/\/www.plugandtrack.com\/es\/dataloggers-sondas\/modulo-de-cartografia-camaras\/#breadcrumb","itemListElement":[{"@type":"ListItem","position":1,"name":"Inicio","item":"https:\/\/www.plugandtrack.com\/es\/"},{"@type":"ListItem","position":2,"name":"Productos"}]},{"@type":"WebSite","@id":"https:\/\/www.plugandtrack.com\/es\/#website","url":"https:\/\/www.plugandtrack.com\/es\/","name":"Plug and Track","description":"Sondes &amp; Enregistreurs de Temp\u00e9rature, Humidit\u00e9. Logiciels de contr\u00f4le et de surveillance avec envoi d&#039;alarmes","publisher":{"@id":"https:\/\/www.plugandtrack.com\/es\/#organization"},"potentialAction":[{"@type":"SearchAction","target":{"@type":"EntryPoint","urlTemplate":"https:\/\/www.plugandtrack.com\/es\/?s={search_term_string}"},"query-input":{"@type":"PropertyValueSpecification","valueRequired":true,"valueName":"search_term_string"}}],"inLanguage":"es"},{"@type":"Organization","@id":"https:\/\/www.plugandtrack.com\/es\/#organization","name":"Plug and Track","url":"https:\/\/www.plugandtrack.com\/es\/","logo":{"@type":"ImageObject","inLanguage":"es","@id":"https:\/\/www.plugandtrack.com\/es\/#\/schema\/logo\/image\/","url":"https:\/\/www.plugandtrack.com\/wp-content\/uploads\/2020\/03\/cropped-favicon-pat.png","contentUrl":"https:\/\/www.plugandtrack.com\/wp-content\/uploads\/2020\/03\/cropped-favicon-pat.png","width":512,"height":512,"caption":"Plug and Track"},"image":{"@id":"https:\/\/www.plugandtrack.com\/es\/#\/schema\/logo\/image\/"},"sameAs":["https:\/\/x.com\/plugandtrack","https:\/\/www.linkedin.com\/company\/plug-and-track"],"description":"Plug and Track est une entreprise fran\u00e7aise, sp\u00e9cialis\u00e9e dans la surveillance en temps r\u00e9el des temp\u00e9ratures, de l\u2019humidit\u00e9 et d\u2019autres param\u00e8tres physiques essentiels pour divers secteurs tels que la pharmacie, l'agroalimentaire, et la recherche. Les produits de Plug and Track incluent des enregistreurs de temp\u00e9rature comme les Thermo et Hygro Boutons, des sondes de temp\u00e9rature connect\u00e9es en utilisant l\u2019ethernet, les liaisons sans fil, NB-IoT, GSM ausi que des solutions sp\u00e9cialis\u00e9es pour les camions frigorifiques et les serveurs informatiques. Ces dispositifs permettent non seulement un suivi d\u00e9taill\u00e9 mais aussi l'envoi d'alertes automatiques en cas de d\u00e9passements de seuils critiques, assurant ainsi la conformit\u00e9 r\u00e9glementaire et la s\u00e9curit\u00e9 des produits sensibles. Avec une gamme allant des sondes simples aux syst\u00e8mes int\u00e9gr\u00e9s plus complexes, Plug and Track r\u00e9pond aux besoins sp\u00e9cifiques de surveillance, de conformit\u00e9 r\u00e9glementaire, et d\u2019efficacit\u00e9 op\u00e9rationnelle pour ses clients. Leur engagement envers la qualit\u00e9 et l'innovation technologique fait de Plug and Track un leader dans le domaine de la surveillance de conditions critiques.","email":"proges@proges.cpm","telephone":"+33320646363","legalName":"PROGES PLUS","foundingDate":"1985-10-01","numberOfEmployees":{"@type":"QuantitativeValue","minValue":"11","maxValue":"50"}}]}},"_links":{"self":[{"href":"https:\/\/www.plugandtrack.com\/es\/wp-json\/wp\/v2\/product\/2725","targetHints":{"allow":["GET"]}}],"collection":[{"href":"https:\/\/www.plugandtrack.com\/es\/wp-json\/wp\/v2\/product"}],"about":[{"href":"https:\/\/www.plugandtrack.com\/es\/wp-json\/wp\/v2\/types\/product"}],"version-history":[{"count":0,"href":"https:\/\/www.plugandtrack.com\/es\/wp-json\/wp\/v2\/product\/2725\/revisions"}],"wp:featuredmedia":[{"embeddable":true,"href":"https:\/\/www.plugandtrack.com\/es\/wp-json\/wp\/v2\/media\/3634"}],"wp:attachment":[{"href":"https:\/\/www.plugandtrack.com\/es\/wp-json\/wp\/v2\/media?parent=2725"}],"wp:term":[{"taxonomy":"product-filter","embeddable":true,"href":"https:\/\/www.plugandtrack.com\/es\/wp-json\/wp\/v2\/product-filter?post=2725"},{"taxonomy":"job_type","embeddable":true,"href":"https:\/\/www.plugandtrack.com\/es\/wp-json\/wp\/v2\/job_type?post=2725"},{"taxonomy":"product_function","embeddable":true,"href":"https:\/\/www.plugandtrack.com\/es\/wp-json\/wp\/v2\/product_function?post=2725"},{"taxonomy":"product_support","embeddable":true,"href":"https:\/\/www.plugandtrack.com\/es\/wp-json\/wp\/v2\/product_support?post=2725"}],"curies":[{"name":"wp","href":"https:\/\/api.w.org\/{rel}","templated":true}]}}