{"id":2721,"date":"2021-03-14T02:00:53","date_gmt":"2021-03-14T01:00:53","guid":{"rendered":"https:\/\/www.plugandtrack.com\/produits\/thermoscan-ip\/"},"modified":"2024-11-26T09:22:11","modified_gmt":"2024-11-26T08:22:11","slug":"thermoscan-ip","status":"publish","type":"product","link":"https:\/\/www.plugandtrack.com\/es\/dataloggers-sondas\/thermoscan-ip\/","title":{"rendered":"Thermoscan IP"},"content":{"rendered":"","protected":false},"excerpt":{"rendered":"","protected":false},"featured_media":4142,"template":"","product-filter":[4140,4134,4122,4170],"job_type":[],"product_function":[266,180,236,271],"product_support":[119],"class_list":["post-2721","product","type-product","status-publish","has-post-thumbnail","hentry"],"acf":[],"yoast_head":"<!-- This site is optimized with the Yoast SEO Premium plugin v26.6 (Yoast SEO v27.1.1) - https:\/\/yoast.com\/product\/yoast-seo-premium-wordpress\/ -->\n<title>Software de monitoreo con sondas de temperatura en el PC<\/title>\n<meta name=\"description\" content=\"Monitoreo y alarmas de temperatura, de humedad, en ordenador PC, para neveras, congeladores, incubadores y equipos de laboratorio.\u00a0\" \/>\n<meta name=\"robots\" content=\"index, follow, max-snippet:-1, max-image-preview:large, max-video-preview:-1\" \/>\n<link rel=\"canonical\" href=\"https:\/\/www.plugandtrack.com\/es\/dataloggers-sondas\/thermoscan-ip\/\" \/>\n<meta property=\"og:locale\" content=\"es_ES\" \/>\n<meta property=\"og:type\" content=\"article\" \/>\n<meta property=\"og:title\" content=\"Thermoscan IP\" \/>\n<meta property=\"og:description\" content=\"Monitoreo y alarmas de temperatura, de humedad, en ordenador PC, para neveras, congeladores, incubadores y equipos de laboratorio.\u00a0\" \/>\n<meta property=\"og:url\" content=\"https:\/\/www.plugandtrack.com\/es\/dataloggers-sondas\/thermoscan-ip\/\" \/>\n<meta property=\"og:site_name\" content=\"Plug and Track\" \/>\n<meta property=\"article:modified_time\" content=\"2024-11-26T08:22:11+00:00\" \/>\n<meta property=\"og:image\" content=\"https:\/\/www.plugandtrack.com\/wp-content\/uploads\/2020\/04\/Alerte-temperature-Thermoscan-IP-e1591085344374.jpg\" \/>\n\t<meta property=\"og:image:width\" content=\"377\" \/>\n\t<meta property=\"og:image:height\" content=\"250\" \/>\n\t<meta property=\"og:image:type\" content=\"image\/jpeg\" \/>\n<meta name=\"twitter:card\" content=\"summary_large_image\" \/>\n<meta name=\"twitter:site\" content=\"@plugandtrack\" \/>\n<meta name=\"twitter:label1\" content=\"Tiempo de lectura\" \/>\n\t<meta name=\"twitter:data1\" content=\"3 minutos\" \/>\n<script type=\"application\/ld+json\" class=\"yoast-schema-graph\">{\"@context\":\"https:\/\/schema.org\",\"@graph\":[{\"@type\":\"WebPage\",\"@id\":\"https:\/\/www.plugandtrack.com\/es\/dataloggers-sondas\/thermoscan-ip\/\",\"url\":\"https:\/\/www.plugandtrack.com\/es\/dataloggers-sondas\/thermoscan-ip\/\",\"name\":\"Software de monitoreo con sondas de temperatura en el PC\",\"isPartOf\":{\"@id\":\"https:\/\/www.plugandtrack.com\/es\/#website\"},\"primaryImageOfPage\":{\"@id\":\"https:\/\/www.plugandtrack.com\/es\/dataloggers-sondas\/thermoscan-ip\/#primaryimage\"},\"image\":{\"@id\":\"https:\/\/www.plugandtrack.com\/es\/dataloggers-sondas\/thermoscan-ip\/#primaryimage\"},\"thumbnailUrl\":\"https:\/\/www.plugandtrack.com\/wp-content\/uploads\/2020\/04\/Alerte-temperature-Thermoscan-IP-e1591085344374.jpg\",\"datePublished\":\"2021-03-14T01:00:53+00:00\",\"dateModified\":\"2024-11-26T08:22:11+00:00\",\"description\":\"Monitoreo y alarmas de temperatura, de humedad, en ordenador PC, para neveras, congeladores, incubadores y equipos de laboratorio.\u00a0\",\"breadcrumb\":{\"@id\":\"https:\/\/www.plugandtrack.com\/es\/dataloggers-sondas\/thermoscan-ip\/#breadcrumb\"},\"inLanguage\":\"es\",\"potentialAction\":[{\"@type\":\"ReadAction\",\"target\":[\"https:\/\/www.plugandtrack.com\/es\/dataloggers-sondas\/thermoscan-ip\/\"]}]},{\"@type\":\"ImageObject\",\"inLanguage\":\"es\",\"@id\":\"https:\/\/www.plugandtrack.com\/es\/dataloggers-sondas\/thermoscan-ip\/#primaryimage\",\"url\":\"https:\/\/www.plugandtrack.com\/wp-content\/uploads\/2020\/04\/Alerte-temperature-Thermoscan-IP-e1591085344374.jpg\",\"contentUrl\":\"https:\/\/www.plugandtrack.com\/wp-content\/uploads\/2020\/04\/Alerte-temperature-Thermoscan-IP-e1591085344374.jpg\",\"width\":377,\"height\":250,\"caption\":\"Surveillance de temp\u00e9rature en temps r\u00e9el\"},{\"@type\":\"BreadcrumbList\",\"@id\":\"https:\/\/www.plugandtrack.com\/es\/dataloggers-sondas\/thermoscan-ip\/#breadcrumb\",\"itemListElement\":[{\"@type\":\"ListItem\",\"position\":1,\"name\":\"Inicio\",\"item\":\"https:\/\/www.plugandtrack.com\/es\/\"},{\"@type\":\"ListItem\",\"position\":2,\"name\":\"Productos\"}]},{\"@type\":\"WebSite\",\"@id\":\"https:\/\/www.plugandtrack.com\/es\/#website\",\"url\":\"https:\/\/www.plugandtrack.com\/es\/\",\"name\":\"Plug and Track\",\"description\":\"Sondes &amp; Enregistreurs de Temp\u00e9rature, Humidit\u00e9. Logiciels de contr\u00f4le et de surveillance avec envoi d&#039;alarmes\",\"publisher\":{\"@id\":\"https:\/\/www.plugandtrack.com\/es\/#organization\"},\"potentialAction\":[{\"@type\":\"SearchAction\",\"target\":{\"@type\":\"EntryPoint\",\"urlTemplate\":\"https:\/\/www.plugandtrack.com\/es\/?s={search_term_string}\"},\"query-input\":{\"@type\":\"PropertyValueSpecification\",\"valueRequired\":true,\"valueName\":\"search_term_string\"}}],\"inLanguage\":\"es\"},{\"@type\":\"Organization\",\"@id\":\"https:\/\/www.plugandtrack.com\/es\/#organization\",\"name\":\"Plug and Track\",\"url\":\"https:\/\/www.plugandtrack.com\/es\/\",\"logo\":{\"@type\":\"ImageObject\",\"inLanguage\":\"es\",\"@id\":\"https:\/\/www.plugandtrack.com\/es\/#\/schema\/logo\/image\/\",\"url\":\"https:\/\/www.plugandtrack.com\/wp-content\/uploads\/2020\/03\/cropped-favicon-pat.png\",\"contentUrl\":\"https:\/\/www.plugandtrack.com\/wp-content\/uploads\/2020\/03\/cropped-favicon-pat.png\",\"width\":512,\"height\":512,\"caption\":\"Plug and Track\"},\"image\":{\"@id\":\"https:\/\/www.plugandtrack.com\/es\/#\/schema\/logo\/image\/\"},\"sameAs\":[\"https:\/\/x.com\/plugandtrack\",\"https:\/\/www.linkedin.com\/company\/plug-and-track\"],\"description\":\"Plug and Track est une entreprise fran\u00e7aise, sp\u00e9cialis\u00e9e dans la surveillance en temps r\u00e9el des temp\u00e9ratures, de l\u2019humidit\u00e9 et d\u2019autres param\u00e8tres physiques essentiels pour divers secteurs tels que la pharmacie, l'agroalimentaire, et la recherche. Les produits de Plug and Track incluent des enregistreurs de temp\u00e9rature comme les Thermo et Hygro Boutons, des sondes de temp\u00e9rature connect\u00e9es en utilisant l\u2019ethernet, les liaisons sans fil, NB-IoT, GSM ausi que des solutions sp\u00e9cialis\u00e9es pour les camions frigorifiques et les serveurs informatiques. Ces dispositifs permettent non seulement un suivi d\u00e9taill\u00e9 mais aussi l'envoi d'alertes automatiques en cas de d\u00e9passements de seuils critiques, assurant ainsi la conformit\u00e9 r\u00e9glementaire et la s\u00e9curit\u00e9 des produits sensibles. Avec une gamme allant des sondes simples aux syst\u00e8mes int\u00e9gr\u00e9s plus complexes, Plug and Track r\u00e9pond aux besoins sp\u00e9cifiques de surveillance, de conformit\u00e9 r\u00e9glementaire, et d\u2019efficacit\u00e9 op\u00e9rationnelle pour ses clients. Leur engagement envers la qualit\u00e9 et l'innovation technologique fait de Plug and Track un leader dans le domaine de la surveillance de conditions critiques.\",\"email\":\"proges@proges.cpm\",\"telephone\":\"+33320646363\",\"legalName\":\"PROGES PLUS\",\"foundingDate\":\"1985-10-01\",\"numberOfEmployees\":{\"@type\":\"QuantitativeValue\",\"minValue\":\"11\",\"maxValue\":\"50\"}}]}<\/script>\n<!-- \/ Yoast SEO Premium plugin. -->","yoast_head_json":{"title":"Software de monitoreo con sondas de temperatura en el PC","description":"Monitoreo y alarmas de temperatura, de humedad, en ordenador PC, para neveras, congeladores, incubadores y equipos de laboratorio.\u00a0","robots":{"index":"index","follow":"follow","max-snippet":"max-snippet:-1","max-image-preview":"max-image-preview:large","max-video-preview":"max-video-preview:-1"},"canonical":"https:\/\/www.plugandtrack.com\/es\/dataloggers-sondas\/thermoscan-ip\/","og_locale":"es_ES","og_type":"article","og_title":"Thermoscan IP","og_description":"Monitoreo y alarmas de temperatura, de humedad, en ordenador PC, para neveras, congeladores, incubadores y equipos de laboratorio.\u00a0","og_url":"https:\/\/www.plugandtrack.com\/es\/dataloggers-sondas\/thermoscan-ip\/","og_site_name":"Plug and Track","article_modified_time":"2024-11-26T08:22:11+00:00","og_image":[{"width":377,"height":250,"url":"https:\/\/www.plugandtrack.com\/wp-content\/uploads\/2020\/04\/Alerte-temperature-Thermoscan-IP-e1591085344374.jpg","type":"image\/jpeg"}],"twitter_card":"summary_large_image","twitter_site":"@plugandtrack","twitter_misc":{"Tiempo de lectura":"3 minutos"},"schema":{"@context":"https:\/\/schema.org","@graph":[{"@type":"WebPage","@id":"https:\/\/www.plugandtrack.com\/es\/dataloggers-sondas\/thermoscan-ip\/","url":"https:\/\/www.plugandtrack.com\/es\/dataloggers-sondas\/thermoscan-ip\/","name":"Software de monitoreo con sondas de temperatura en el PC","isPartOf":{"@id":"https:\/\/www.plugandtrack.com\/es\/#website"},"primaryImageOfPage":{"@id":"https:\/\/www.plugandtrack.com\/es\/dataloggers-sondas\/thermoscan-ip\/#primaryimage"},"image":{"@id":"https:\/\/www.plugandtrack.com\/es\/dataloggers-sondas\/thermoscan-ip\/#primaryimage"},"thumbnailUrl":"https:\/\/www.plugandtrack.com\/wp-content\/uploads\/2020\/04\/Alerte-temperature-Thermoscan-IP-e1591085344374.jpg","datePublished":"2021-03-14T01:00:53+00:00","dateModified":"2024-11-26T08:22:11+00:00","description":"Monitoreo y alarmas de temperatura, de humedad, en ordenador PC, para neveras, congeladores, incubadores y equipos de laboratorio.\u00a0","breadcrumb":{"@id":"https:\/\/www.plugandtrack.com\/es\/dataloggers-sondas\/thermoscan-ip\/#breadcrumb"},"inLanguage":"es","potentialAction":[{"@type":"ReadAction","target":["https:\/\/www.plugandtrack.com\/es\/dataloggers-sondas\/thermoscan-ip\/"]}]},{"@type":"ImageObject","inLanguage":"es","@id":"https:\/\/www.plugandtrack.com\/es\/dataloggers-sondas\/thermoscan-ip\/#primaryimage","url":"https:\/\/www.plugandtrack.com\/wp-content\/uploads\/2020\/04\/Alerte-temperature-Thermoscan-IP-e1591085344374.jpg","contentUrl":"https:\/\/www.plugandtrack.com\/wp-content\/uploads\/2020\/04\/Alerte-temperature-Thermoscan-IP-e1591085344374.jpg","width":377,"height":250,"caption":"Surveillance de temp\u00e9rature en temps r\u00e9el"},{"@type":"BreadcrumbList","@id":"https:\/\/www.plugandtrack.com\/es\/dataloggers-sondas\/thermoscan-ip\/#breadcrumb","itemListElement":[{"@type":"ListItem","position":1,"name":"Inicio","item":"https:\/\/www.plugandtrack.com\/es\/"},{"@type":"ListItem","position":2,"name":"Productos"}]},{"@type":"WebSite","@id":"https:\/\/www.plugandtrack.com\/es\/#website","url":"https:\/\/www.plugandtrack.com\/es\/","name":"Plug and Track","description":"Sondes &amp; Enregistreurs de Temp\u00e9rature, Humidit\u00e9. Logiciels de contr\u00f4le et de surveillance avec envoi d&#039;alarmes","publisher":{"@id":"https:\/\/www.plugandtrack.com\/es\/#organization"},"potentialAction":[{"@type":"SearchAction","target":{"@type":"EntryPoint","urlTemplate":"https:\/\/www.plugandtrack.com\/es\/?s={search_term_string}"},"query-input":{"@type":"PropertyValueSpecification","valueRequired":true,"valueName":"search_term_string"}}],"inLanguage":"es"},{"@type":"Organization","@id":"https:\/\/www.plugandtrack.com\/es\/#organization","name":"Plug and Track","url":"https:\/\/www.plugandtrack.com\/es\/","logo":{"@type":"ImageObject","inLanguage":"es","@id":"https:\/\/www.plugandtrack.com\/es\/#\/schema\/logo\/image\/","url":"https:\/\/www.plugandtrack.com\/wp-content\/uploads\/2020\/03\/cropped-favicon-pat.png","contentUrl":"https:\/\/www.plugandtrack.com\/wp-content\/uploads\/2020\/03\/cropped-favicon-pat.png","width":512,"height":512,"caption":"Plug and Track"},"image":{"@id":"https:\/\/www.plugandtrack.com\/es\/#\/schema\/logo\/image\/"},"sameAs":["https:\/\/x.com\/plugandtrack","https:\/\/www.linkedin.com\/company\/plug-and-track"],"description":"Plug and Track est une entreprise fran\u00e7aise, sp\u00e9cialis\u00e9e dans la surveillance en temps r\u00e9el des temp\u00e9ratures, de l\u2019humidit\u00e9 et d\u2019autres param\u00e8tres physiques essentiels pour divers secteurs tels que la pharmacie, l'agroalimentaire, et la recherche. Les produits de Plug and Track incluent des enregistreurs de temp\u00e9rature comme les Thermo et Hygro Boutons, des sondes de temp\u00e9rature connect\u00e9es en utilisant l\u2019ethernet, les liaisons sans fil, NB-IoT, GSM ausi que des solutions sp\u00e9cialis\u00e9es pour les camions frigorifiques et les serveurs informatiques. Ces dispositifs permettent non seulement un suivi d\u00e9taill\u00e9 mais aussi l'envoi d'alertes automatiques en cas de d\u00e9passements de seuils critiques, assurant ainsi la conformit\u00e9 r\u00e9glementaire et la s\u00e9curit\u00e9 des produits sensibles. Avec une gamme allant des sondes simples aux syst\u00e8mes int\u00e9gr\u00e9s plus complexes, Plug and Track r\u00e9pond aux besoins sp\u00e9cifiques de surveillance, de conformit\u00e9 r\u00e9glementaire, et d\u2019efficacit\u00e9 op\u00e9rationnelle pour ses clients. Leur engagement envers la qualit\u00e9 et l'innovation technologique fait de Plug and Track un leader dans le domaine de la surveillance de conditions critiques.","email":"proges@proges.cpm","telephone":"+33320646363","legalName":"PROGES PLUS","foundingDate":"1985-10-01","numberOfEmployees":{"@type":"QuantitativeValue","minValue":"11","maxValue":"50"}}]}},"_links":{"self":[{"href":"https:\/\/www.plugandtrack.com\/es\/wp-json\/wp\/v2\/product\/2721","targetHints":{"allow":["GET"]}}],"collection":[{"href":"https:\/\/www.plugandtrack.com\/es\/wp-json\/wp\/v2\/product"}],"about":[{"href":"https:\/\/www.plugandtrack.com\/es\/wp-json\/wp\/v2\/types\/product"}],"version-history":[{"count":0,"href":"https:\/\/www.plugandtrack.com\/es\/wp-json\/wp\/v2\/product\/2721\/revisions"}],"wp:featuredmedia":[{"embeddable":true,"href":"https:\/\/www.plugandtrack.com\/es\/wp-json\/wp\/v2\/media\/4142"}],"wp:attachment":[{"href":"https:\/\/www.plugandtrack.com\/es\/wp-json\/wp\/v2\/media?parent=2721"}],"wp:term":[{"taxonomy":"product-filter","embeddable":true,"href":"https:\/\/www.plugandtrack.com\/es\/wp-json\/wp\/v2\/product-filter?post=2721"},{"taxonomy":"job_type","embeddable":true,"href":"https:\/\/www.plugandtrack.com\/es\/wp-json\/wp\/v2\/job_type?post=2721"},{"taxonomy":"product_function","embeddable":true,"href":"https:\/\/www.plugandtrack.com\/es\/wp-json\/wp\/v2\/product_function?post=2721"},{"taxonomy":"product_support","embeddable":true,"href":"https:\/\/www.plugandtrack.com\/es\/wp-json\/wp\/v2\/product_support?post=2721"}],"curies":[{"name":"wp","href":"https:\/\/api.w.org\/{rel}","templated":true}]}}