{"id":2719,"date":"2021-03-09T02:42:53","date_gmt":"2021-03-09T01:42:53","guid":{"rendered":"https:\/\/www.plugandtrack.com\/produits\/thermoscan-ip\/"},"modified":"2024-11-26T08:38:07","modified_gmt":"2024-11-26T07:38:07","slug":"thermoscan-ip","status":"publish","type":"product","link":"https:\/\/www.plugandtrack.com\/en\/sensors-dataloggers\/thermoscan-ip\/","title":{"rendered":"Thermoscan IP"},"content":{"rendered":"","protected":false},"excerpt":{"rendered":"","protected":false},"featured_media":4966,"template":"","product-filter":[4138,4132,4168],"job_type":[],"product_function":[255,253,259,276],"product_support":[66],"class_list":["post-2719","product","type-product","status-publish","has-post-thumbnail","hentry"],"acf":[],"yoast_head":"<!-- This site is optimized with the Yoast SEO Premium plugin v26.6 (Yoast SEO v27.6) - https:\/\/yoast.com\/product\/yoast-seo-premium-wordpress\/ -->\n<title>Temperature monitoring system using Ethernet and Wi-Fi sensors<\/title>\n<meta name=\"description\" content=\"Thermoscan IP is a temperature monitoring system that works with Ethernet and Wi-Fi sensors. Ideal for fridges, walk-in freezers, laboratories\" \/>\n<meta name=\"robots\" content=\"index, follow, max-snippet:-1, max-image-preview:large, max-video-preview:-1\" \/>\n<link rel=\"canonical\" href=\"https:\/\/www.plugandtrack.com\/en\/sensors-dataloggers\/thermoscan-ip\/\" \/>\n<meta property=\"og:locale\" content=\"en_US\" \/>\n<meta property=\"og:type\" content=\"article\" \/>\n<meta property=\"og:title\" content=\"Thermoscan IP\" \/>\n<meta property=\"og:description\" content=\"Thermoscan IP is a temperature monitoring system that works with Ethernet and Wi-Fi sensors. Ideal for fridges, walk-in freezers, laboratories\" \/>\n<meta property=\"og:url\" content=\"https:\/\/www.plugandtrack.com\/en\/sensors-dataloggers\/thermoscan-ip\/\" \/>\n<meta property=\"og:site_name\" content=\"Plug and Track\" \/>\n<meta property=\"article:modified_time\" content=\"2024-11-26T07:38:07+00:00\" \/>\n<meta property=\"og:image\" content=\"https:\/\/www.plugandtrack.com\/wp-content\/uploads\/2020\/04\/Alerte-temperature-Thermoscan-IP-e1591085344374.jpg\" \/>\n\t<meta property=\"og:image:width\" content=\"377\" \/>\n\t<meta property=\"og:image:height\" content=\"250\" \/>\n\t<meta property=\"og:image:type\" content=\"image\/jpeg\" \/>\n<meta name=\"twitter:card\" content=\"summary_large_image\" \/>\n<meta name=\"twitter:site\" content=\"@plugandtrack\" \/>\n<meta name=\"twitter:label1\" content=\"Est. reading time\" \/>\n\t<meta name=\"twitter:data1\" content=\"3 minutes\" \/>\n<script type=\"application\/ld+json\" class=\"yoast-schema-graph\">{\"@context\":\"https:\\\/\\\/schema.org\",\"@graph\":[{\"@type\":\"WebPage\",\"@id\":\"https:\\\/\\\/www.plugandtrack.com\\\/en\\\/sensors-dataloggers\\\/thermoscan-ip\\\/\",\"url\":\"https:\\\/\\\/www.plugandtrack.com\\\/en\\\/sensors-dataloggers\\\/thermoscan-ip\\\/\",\"name\":\"Temperature monitoring system using Ethernet and Wi-Fi sensors\",\"isPartOf\":{\"@id\":\"https:\\\/\\\/www.plugandtrack.com\\\/en\\\/#website\"},\"primaryImageOfPage\":{\"@id\":\"https:\\\/\\\/www.plugandtrack.com\\\/en\\\/sensors-dataloggers\\\/thermoscan-ip\\\/#primaryimage\"},\"image\":{\"@id\":\"https:\\\/\\\/www.plugandtrack.com\\\/en\\\/sensors-dataloggers\\\/thermoscan-ip\\\/#primaryimage\"},\"thumbnailUrl\":\"https:\\\/\\\/www.plugandtrack.com\\\/wp-content\\\/uploads\\\/2020\\\/04\\\/Alerte-temperature-Thermoscan-IP-e1591085344374.jpg\",\"datePublished\":\"2021-03-09T01:42:53+00:00\",\"dateModified\":\"2024-11-26T07:38:07+00:00\",\"description\":\"Thermoscan IP is a temperature monitoring system that works with Ethernet and Wi-Fi sensors. Ideal for fridges, walk-in freezers, laboratories\",\"breadcrumb\":{\"@id\":\"https:\\\/\\\/www.plugandtrack.com\\\/en\\\/sensors-dataloggers\\\/thermoscan-ip\\\/#breadcrumb\"},\"inLanguage\":\"en-US\",\"potentialAction\":[{\"@type\":\"ReadAction\",\"target\":[\"https:\\\/\\\/www.plugandtrack.com\\\/en\\\/sensors-dataloggers\\\/thermoscan-ip\\\/\"]}]},{\"@type\":\"ImageObject\",\"inLanguage\":\"en-US\",\"@id\":\"https:\\\/\\\/www.plugandtrack.com\\\/en\\\/sensors-dataloggers\\\/thermoscan-ip\\\/#primaryimage\",\"url\":\"https:\\\/\\\/www.plugandtrack.com\\\/wp-content\\\/uploads\\\/2020\\\/04\\\/Alerte-temperature-Thermoscan-IP-e1591085344374.jpg\",\"contentUrl\":\"https:\\\/\\\/www.plugandtrack.com\\\/wp-content\\\/uploads\\\/2020\\\/04\\\/Alerte-temperature-Thermoscan-IP-e1591085344374.jpg\",\"width\":377,\"height\":250,\"caption\":\"temperature monitoring system Thermoscan\"},{\"@type\":\"BreadcrumbList\",\"@id\":\"https:\\\/\\\/www.plugandtrack.com\\\/en\\\/sensors-dataloggers\\\/thermoscan-ip\\\/#breadcrumb\",\"itemListElement\":[{\"@type\":\"ListItem\",\"position\":1,\"name\":\"Home\",\"item\":\"https:\\\/\\\/www.plugandtrack.com\\\/en\\\/\"},{\"@type\":\"ListItem\",\"position\":2,\"name\":\"Products\"}]},{\"@type\":\"WebSite\",\"@id\":\"https:\\\/\\\/www.plugandtrack.com\\\/en\\\/#website\",\"url\":\"https:\\\/\\\/www.plugandtrack.com\\\/en\\\/\",\"name\":\"Plug and Track\",\"description\":\"Sondes &amp; Enregistreurs de Temp\u00e9rature, Humidit\u00e9. Logiciels de contr\u00f4le et de surveillance avec envoi d&#039;alarmes\",\"publisher\":{\"@id\":\"https:\\\/\\\/www.plugandtrack.com\\\/en\\\/#organization\"},\"potentialAction\":[{\"@type\":\"SearchAction\",\"target\":{\"@type\":\"EntryPoint\",\"urlTemplate\":\"https:\\\/\\\/www.plugandtrack.com\\\/en\\\/?s={search_term_string}\"},\"query-input\":{\"@type\":\"PropertyValueSpecification\",\"valueRequired\":true,\"valueName\":\"search_term_string\"}}],\"inLanguage\":\"en-US\"},{\"@type\":\"Organization\",\"@id\":\"https:\\\/\\\/www.plugandtrack.com\\\/en\\\/#organization\",\"name\":\"PLUG AND TRACK\",\"alternateName\":\"PROGES PLUS\",\"url\":\"https:\\\/\\\/www.plugandtrack.com\\\/en\\\/\",\"logo\":{\"@type\":\"ImageObject\",\"inLanguage\":\"en-US\",\"@id\":\"https:\\\/\\\/www.plugandtrack.com\\\/en\\\/#\\\/schema\\\/logo\\\/image\\\/\",\"url\":\"https:\\\/\\\/www.plugandtrack.com\\\/wp-content\\\/uploads\\\/2020\\\/03\\\/cropped-favicon-pat.png\",\"contentUrl\":\"https:\\\/\\\/www.plugandtrack.com\\\/wp-content\\\/uploads\\\/2020\\\/03\\\/cropped-favicon-pat.png\",\"width\":512,\"height\":512,\"caption\":\"PLUG AND TRACK\"},\"image\":{\"@id\":\"https:\\\/\\\/www.plugandtrack.com\\\/en\\\/#\\\/schema\\\/logo\\\/image\\\/\"},\"sameAs\":[\"https:\\\/\\\/x.com\\\/plugandtrack\",\"https:\\\/\\\/www.linkedin.com\\\/company\\\/plug-and-track\"],\"description\":\"Plug and Track est une entreprise fran\u00e7aise, sp\u00e9cialis\u00e9e dans la surveillance en temps r\u00e9el des temp\u00e9ratures, de l\u2019humidit\u00e9 et d\u2019autres param\u00e8tres physiques essentiels pour divers secteurs tels que la pharmacie, l'agroalimentaire, et la recherche. Les produits de Plug and Track incluent des enregistreurs de temp\u00e9rature comme les Thermo et Hygro Boutons, des sondes de temp\u00e9rature connect\u00e9es en utilisant l\u2019ethernet, les liaisons sans fil, NB-IoT, GSM ausi que des solutions sp\u00e9cialis\u00e9es pour les camions frigorifiques et les serveurs informatiques. Ces dispositifs permettent non seulement un suivi d\u00e9taill\u00e9 mais aussi l'envoi d'alertes automatiques en cas de d\u00e9passements de seuils critiques, assurant ainsi la conformit\u00e9 r\u00e9glementaire et la s\u00e9curit\u00e9 des produits sensibles. Avec une gamme allant des sondes simples aux syst\u00e8mes int\u00e9gr\u00e9s plus complexes, Plug and Track r\u00e9pond aux besoins sp\u00e9cifiques de surveillance, de conformit\u00e9 r\u00e9glementaire, et d\u2019efficacit\u00e9 op\u00e9rationnelle pour ses clients. Leur engagement envers la qualit\u00e9 et l'innovation technologique fait de Plug and Track un leader dans le domaine de la surveillance de conditions critiques.\",\"email\":\"proges@proges.cpm\",\"telephone\":\"+33320646363\",\"legalName\":\"PROGES PLUS\",\"foundingDate\":\"1985-10-01\",\"vatID\":\"FR53333601573\",\"taxID\":\"FR5333360157300046\",\"numberOfEmployees\":{\"@type\":\"QuantitativeValue\",\"minValue\":\"11\",\"maxValue\":\"50\"}}]}<\/script>\n<!-- \/ Yoast SEO Premium plugin. -->","yoast_head_json":{"title":"Temperature monitoring system using Ethernet and Wi-Fi sensors","description":"Thermoscan IP is a temperature monitoring system that works with Ethernet and Wi-Fi sensors. Ideal for fridges, walk-in freezers, laboratories","robots":{"index":"index","follow":"follow","max-snippet":"max-snippet:-1","max-image-preview":"max-image-preview:large","max-video-preview":"max-video-preview:-1"},"canonical":"https:\/\/www.plugandtrack.com\/en\/sensors-dataloggers\/thermoscan-ip\/","og_locale":"en_US","og_type":"article","og_title":"Thermoscan IP","og_description":"Thermoscan IP is a temperature monitoring system that works with Ethernet and Wi-Fi sensors. Ideal for fridges, walk-in freezers, laboratories","og_url":"https:\/\/www.plugandtrack.com\/en\/sensors-dataloggers\/thermoscan-ip\/","og_site_name":"Plug and Track","article_modified_time":"2024-11-26T07:38:07+00:00","og_image":[{"width":377,"height":250,"url":"https:\/\/www.plugandtrack.com\/wp-content\/uploads\/2020\/04\/Alerte-temperature-Thermoscan-IP-e1591085344374.jpg","type":"image\/jpeg"}],"twitter_card":"summary_large_image","twitter_site":"@plugandtrack","twitter_misc":{"Est. reading time":"3 minutes"},"schema":{"@context":"https:\/\/schema.org","@graph":[{"@type":"WebPage","@id":"https:\/\/www.plugandtrack.com\/en\/sensors-dataloggers\/thermoscan-ip\/","url":"https:\/\/www.plugandtrack.com\/en\/sensors-dataloggers\/thermoscan-ip\/","name":"Temperature monitoring system using Ethernet and Wi-Fi sensors","isPartOf":{"@id":"https:\/\/www.plugandtrack.com\/en\/#website"},"primaryImageOfPage":{"@id":"https:\/\/www.plugandtrack.com\/en\/sensors-dataloggers\/thermoscan-ip\/#primaryimage"},"image":{"@id":"https:\/\/www.plugandtrack.com\/en\/sensors-dataloggers\/thermoscan-ip\/#primaryimage"},"thumbnailUrl":"https:\/\/www.plugandtrack.com\/wp-content\/uploads\/2020\/04\/Alerte-temperature-Thermoscan-IP-e1591085344374.jpg","datePublished":"2021-03-09T01:42:53+00:00","dateModified":"2024-11-26T07:38:07+00:00","description":"Thermoscan IP is a temperature monitoring system that works with Ethernet and Wi-Fi sensors. Ideal for fridges, walk-in freezers, laboratories","breadcrumb":{"@id":"https:\/\/www.plugandtrack.com\/en\/sensors-dataloggers\/thermoscan-ip\/#breadcrumb"},"inLanguage":"en-US","potentialAction":[{"@type":"ReadAction","target":["https:\/\/www.plugandtrack.com\/en\/sensors-dataloggers\/thermoscan-ip\/"]}]},{"@type":"ImageObject","inLanguage":"en-US","@id":"https:\/\/www.plugandtrack.com\/en\/sensors-dataloggers\/thermoscan-ip\/#primaryimage","url":"https:\/\/www.plugandtrack.com\/wp-content\/uploads\/2020\/04\/Alerte-temperature-Thermoscan-IP-e1591085344374.jpg","contentUrl":"https:\/\/www.plugandtrack.com\/wp-content\/uploads\/2020\/04\/Alerte-temperature-Thermoscan-IP-e1591085344374.jpg","width":377,"height":250,"caption":"temperature monitoring system Thermoscan"},{"@type":"BreadcrumbList","@id":"https:\/\/www.plugandtrack.com\/en\/sensors-dataloggers\/thermoscan-ip\/#breadcrumb","itemListElement":[{"@type":"ListItem","position":1,"name":"Home","item":"https:\/\/www.plugandtrack.com\/en\/"},{"@type":"ListItem","position":2,"name":"Products"}]},{"@type":"WebSite","@id":"https:\/\/www.plugandtrack.com\/en\/#website","url":"https:\/\/www.plugandtrack.com\/en\/","name":"Plug and Track","description":"Sondes &amp; Enregistreurs de Temp\u00e9rature, Humidit\u00e9. Logiciels de contr\u00f4le et de surveillance avec envoi d&#039;alarmes","publisher":{"@id":"https:\/\/www.plugandtrack.com\/en\/#organization"},"potentialAction":[{"@type":"SearchAction","target":{"@type":"EntryPoint","urlTemplate":"https:\/\/www.plugandtrack.com\/en\/?s={search_term_string}"},"query-input":{"@type":"PropertyValueSpecification","valueRequired":true,"valueName":"search_term_string"}}],"inLanguage":"en-US"},{"@type":"Organization","@id":"https:\/\/www.plugandtrack.com\/en\/#organization","name":"PLUG AND TRACK","alternateName":"PROGES PLUS","url":"https:\/\/www.plugandtrack.com\/en\/","logo":{"@type":"ImageObject","inLanguage":"en-US","@id":"https:\/\/www.plugandtrack.com\/en\/#\/schema\/logo\/image\/","url":"https:\/\/www.plugandtrack.com\/wp-content\/uploads\/2020\/03\/cropped-favicon-pat.png","contentUrl":"https:\/\/www.plugandtrack.com\/wp-content\/uploads\/2020\/03\/cropped-favicon-pat.png","width":512,"height":512,"caption":"PLUG AND TRACK"},"image":{"@id":"https:\/\/www.plugandtrack.com\/en\/#\/schema\/logo\/image\/"},"sameAs":["https:\/\/x.com\/plugandtrack","https:\/\/www.linkedin.com\/company\/plug-and-track"],"description":"Plug and Track est une entreprise fran\u00e7aise, sp\u00e9cialis\u00e9e dans la surveillance en temps r\u00e9el des temp\u00e9ratures, de l\u2019humidit\u00e9 et d\u2019autres param\u00e8tres physiques essentiels pour divers secteurs tels que la pharmacie, l'agroalimentaire, et la recherche. Les produits de Plug and Track incluent des enregistreurs de temp\u00e9rature comme les Thermo et Hygro Boutons, des sondes de temp\u00e9rature connect\u00e9es en utilisant l\u2019ethernet, les liaisons sans fil, NB-IoT, GSM ausi que des solutions sp\u00e9cialis\u00e9es pour les camions frigorifiques et les serveurs informatiques. Ces dispositifs permettent non seulement un suivi d\u00e9taill\u00e9 mais aussi l'envoi d'alertes automatiques en cas de d\u00e9passements de seuils critiques, assurant ainsi la conformit\u00e9 r\u00e9glementaire et la s\u00e9curit\u00e9 des produits sensibles. Avec une gamme allant des sondes simples aux syst\u00e8mes int\u00e9gr\u00e9s plus complexes, Plug and Track r\u00e9pond aux besoins sp\u00e9cifiques de surveillance, de conformit\u00e9 r\u00e9glementaire, et d\u2019efficacit\u00e9 op\u00e9rationnelle pour ses clients. Leur engagement envers la qualit\u00e9 et l'innovation technologique fait de Plug and Track un leader dans le domaine de la surveillance de conditions critiques.","email":"proges@proges.cpm","telephone":"+33320646363","legalName":"PROGES PLUS","foundingDate":"1985-10-01","vatID":"FR53333601573","taxID":"FR5333360157300046","numberOfEmployees":{"@type":"QuantitativeValue","minValue":"11","maxValue":"50"}}]}},"_links":{"self":[{"href":"https:\/\/www.plugandtrack.com\/en\/wp-json\/wp\/v2\/product\/2719","targetHints":{"allow":["GET"]}}],"collection":[{"href":"https:\/\/www.plugandtrack.com\/en\/wp-json\/wp\/v2\/product"}],"about":[{"href":"https:\/\/www.plugandtrack.com\/en\/wp-json\/wp\/v2\/types\/product"}],"version-history":[{"count":0,"href":"https:\/\/www.plugandtrack.com\/en\/wp-json\/wp\/v2\/product\/2719\/revisions"}],"wp:featuredmedia":[{"embeddable":true,"href":"https:\/\/www.plugandtrack.com\/en\/wp-json\/wp\/v2\/media\/4966"}],"wp:attachment":[{"href":"https:\/\/www.plugandtrack.com\/en\/wp-json\/wp\/v2\/media?parent=2719"}],"wp:term":[{"taxonomy":"product-filter","embeddable":true,"href":"https:\/\/www.plugandtrack.com\/en\/wp-json\/wp\/v2\/product-filter?post=2719"},{"taxonomy":"job_type","embeddable":true,"href":"https:\/\/www.plugandtrack.com\/en\/wp-json\/wp\/v2\/job_type?post=2719"},{"taxonomy":"product_function","embeddable":true,"href":"https:\/\/www.plugandtrack.com\/en\/wp-json\/wp\/v2\/product_function?post=2719"},{"taxonomy":"product_support","embeddable":true,"href":"https:\/\/www.plugandtrack.com\/en\/wp-json\/wp\/v2\/product_support?post=2719"}],"curies":[{"name":"wp","href":"https:\/\/api.w.org\/{rel}","templated":true}]}}