{"id":8894,"date":"2021-09-23T10:14:00","date_gmt":"2021-09-23T08:14:00","guid":{"rendered":"https:\/\/www.plugandtrack.com\/?page_id=8894"},"modified":"2025-12-19T14:33:14","modified_gmt":"2025-12-19T13:33:14","slug":"illustrationen-bilder-produkte-plug-and-track","status":"publish","type":"page","link":"https:\/\/www.plugandtrack.com\/de\/illustrationen-bilder-produkte-plug-and-track\/","title":{"rendered":"Illustrationen und Bilder"},"content":{"rendered":"<h3>Laden Sie hier Bilder und Illustrationen von Plug &amp; Track Produkten herunter<\/h3>\n<p>Ben\u00f6tigen Sie Ressourcen f\u00fcr die Kommunikation \u00fcber Plug &amp; Track-Produkte ? <strong>Alle Links sind hier verf\u00fcgbar und frei zug\u00e4nglich !<\/strong><\/p>\n<ul>\n<li><span style=\"color: #62c5bc;\"><strong><a style=\"color: #62c5bc;\" href=\"https:\/\/photos.app.goo.gl\/iGddbzLW6DjpuVMD6\">FoxNet<\/a><\/strong><\/span><\/li>\n<li><span style=\"color: #62c5bc;\"><strong><a style=\"color: #62c5bc;\" href=\"https:\/\/photos.app.goo.gl\/ocYgFEkvQpQWow1T7\">GPS Tracker<\/a><\/strong><\/span><\/li>\n<li><span style=\"color: #62c5bc;\"><strong><a style=\"color: #62c5bc;\" href=\"https:\/\/photos.app.goo.gl\/nf8SPDvGxKx3ecUa6\">iBee<\/a><\/strong><\/span><\/li>\n<li><span style=\"color: #62c5bc;\"><strong><a style=\"color: #62c5bc;\" href=\"https:\/\/photos.app.goo.gl\/Aq5MfT6UMi6X3JMF9\">Pixie Temp<\/a><\/strong><\/span><\/li>\n<li><span style=\"color: #62c5bc;\"><strong><a style=\"color: #62c5bc;\" href=\"https:\/\/photos.app.goo.gl\/BqiMD276tVci7bgi8\">Sensor Net Connect<\/a><\/strong><\/span><span style=\"color: #62c5bc;\"><br \/>\n<\/span><\/li>\n<li><span style=\"color: #62c5bc;\"><strong><a style=\"color: #62c5bc;\" href=\"https:\/\/photos.app.goo.gl\/YNeqpriecBXiSHuF6\">Thermo Button<\/a><\/strong><\/span><\/li>\n<li><span style=\"color: #62c5bc;\"><strong><a style=\"color: #62c5bc;\" href=\"https:\/\/photos.app.goo.gl\/YNeqpriecBXiSHuF6\">Hygro Button<\/a><\/strong><\/span><\/li>\n<li><span style=\"color: #62c5bc;\"><strong><a style=\"color: #62c5bc;\" href=\"https:\/\/photos.app.goo.gl\/2zjokGxg3bKT4fur9\">Thermo Button Accessories<\/a><\/strong><\/span><span style=\"color: #62c5bc;\"><br \/>\n<\/span><\/li>\n<li><span style=\"color: #62c5bc;\"><strong><a style=\"color: #62c5bc;\" href=\"https:\/\/photos.app.goo.gl\/gbFh72G3SwwVMuXB9\">Thermoscan IP<\/a><\/strong><\/span><\/li>\n<li><span style=\"color: #62c5bc;\"><strong><a style=\"color: #62c5bc;\" href=\"https:\/\/photos.app.goo.gl\/ZVgfYMaAkDrBratDA\">Thermotrack Mobile<\/a><\/strong><\/span><span style=\"color: #62c5bc;\"><br \/>\n<\/span><\/li>\n<li><span style=\"color: #62c5bc;\"><strong><a style=\"color: #62c5bc;\" href=\"https:\/\/photos.app.goo.gl\/RA7yrjLsZL7aNuTz9\">Thermotrack PC<\/a><\/strong><\/span><\/li>\n<li><span style=\"color: #62c5bc;\"><strong><a style=\"color: #62c5bc;\" href=\"https:\/\/photos.app.goo.gl\/PzzcgnR3rQQuZwkZ7\">Thermotrack Webserve<\/a><\/strong><\/span><\/li>\n<li><span style=\"color: #62c5bc;\"><strong><a style=\"color: #62c5bc;\" href=\"https:\/\/photos.app.goo.gl\/teu8sR2CRqqTBooy6\">WeeziDot<\/a><\/strong><\/span><\/li>\n<li><span style=\"color: #62c5bc;\"><strong><a style=\"color: #62c5bc;\" href=\"https:\/\/photos.app.goo.gl\/tNtavSxXnuT7e1Mh9\">Ivy<\/a><\/strong><\/span><\/li>\n<\/ul>\n","protected":false},"excerpt":{"rendered":"<p>Laden Sie hier Bilder und Illustrationen von Plug &amp; Track Produkten herunter Ben\u00f6tigen Sie Ressourcen&#8230;<\/p>\n","protected":false},"author":7,"featured_media":0,"parent":0,"menu_order":0,"comment_status":"closed","ping_status":"closed","template":"","meta":{"_acf_changed":false,"footnotes":""},"class_list":["post-8894","page","type-page","status-publish","hentry"],"acf":[],"yoast_head":"<!-- This site is optimized with the Yoast SEO Premium plugin v26.6 (Yoast SEO v27.3) - https:\/\/yoast.com\/product\/yoast-seo-premium-wordpress\/ -->\n<title>Illustrationen und Bilder von Plug and Track-Produkten<\/title>\n<meta name=\"description\" content=\"Illustrationen und Bilder von Plug &amp; Track-Produkten. Hier finden Sie alle Ressourcen zur Kommunikation \u00fcber unsere Produkte.\" \/>\n<meta name=\"robots\" content=\"index, follow, max-snippet:-1, max-image-preview:large, max-video-preview:-1\" \/>\n<link rel=\"canonical\" href=\"https:\/\/www.plugandtrack.com\/de\/illustrationen-bilder-produkte-plug-and-track\/\" \/>\n<meta property=\"og:locale\" content=\"de_DE\" \/>\n<meta property=\"og:type\" content=\"article\" \/>\n<meta property=\"og:title\" content=\"Illustrationen und Bilder\" \/>\n<meta property=\"og:description\" content=\"Illustrationen und Bilder von Plug &amp; Track-Produkten. Hier finden Sie alle Ressourcen zur Kommunikation \u00fcber unsere Produkte.\" \/>\n<meta property=\"og:url\" content=\"https:\/\/www.plugandtrack.com\/de\/illustrationen-bilder-produkte-plug-and-track\/\" \/>\n<meta property=\"og:site_name\" content=\"Plug and Track\" \/>\n<meta property=\"article:modified_time\" content=\"2025-12-19T13:33:14+00:00\" \/>\n<meta name=\"twitter:card\" content=\"summary_large_image\" \/>\n<meta name=\"twitter:site\" content=\"@plugandtrack\" \/>\n<meta name=\"twitter:label1\" content=\"Gesch\u00e4tzte Lesezeit\" \/>\n\t<meta name=\"twitter:data1\" content=\"1 Minute\" \/>\n<script type=\"application\/ld+json\" class=\"yoast-schema-graph\">{\"@context\":\"https:\\\/\\\/schema.org\",\"@graph\":[{\"@type\":\"Article\",\"@id\":\"https:\\\/\\\/www.plugandtrack.com\\\/de\\\/illustrationen-bilder-produkte-plug-and-track\\\/#article\",\"isPartOf\":{\"@id\":\"https:\\\/\\\/www.plugandtrack.com\\\/de\\\/illustrationen-bilder-produkte-plug-and-track\\\/\"},\"author\":{\"name\":\"tqueva\",\"@id\":\"https:\\\/\\\/www.plugandtrack.com\\\/de\\\/#\\\/schema\\\/person\\\/1b2f4834b89f82520c43252a411949ac\"},\"headline\":\"Illustrationen und Bilder\",\"datePublished\":\"2021-09-23T08:14:00+00:00\",\"dateModified\":\"2025-12-19T13:33:14+00:00\",\"mainEntityOfPage\":{\"@id\":\"https:\\\/\\\/www.plugandtrack.com\\\/de\\\/illustrationen-bilder-produkte-plug-and-track\\\/\"},\"wordCount\":63,\"publisher\":{\"@id\":\"https:\\\/\\\/www.plugandtrack.com\\\/de\\\/#organization\"},\"inLanguage\":\"de-DE\"},{\"@type\":\"WebPage\",\"@id\":\"https:\\\/\\\/www.plugandtrack.com\\\/de\\\/illustrationen-bilder-produkte-plug-and-track\\\/\",\"url\":\"https:\\\/\\\/www.plugandtrack.com\\\/de\\\/illustrationen-bilder-produkte-plug-and-track\\\/\",\"name\":\"Illustrationen und Bilder von Plug and Track-Produkten\",\"isPartOf\":{\"@id\":\"https:\\\/\\\/www.plugandtrack.com\\\/de\\\/#website\"},\"datePublished\":\"2021-09-23T08:14:00+00:00\",\"dateModified\":\"2025-12-19T13:33:14+00:00\",\"description\":\"Illustrationen und Bilder von Plug & Track-Produkten. Hier finden Sie alle Ressourcen zur Kommunikation \u00fcber unsere Produkte.\",\"inLanguage\":\"de-DE\",\"potentialAction\":[{\"@type\":\"ReadAction\",\"target\":[\"https:\\\/\\\/www.plugandtrack.com\\\/de\\\/illustrationen-bilder-produkte-plug-and-track\\\/\"]}]},{\"@type\":\"WebSite\",\"@id\":\"https:\\\/\\\/www.plugandtrack.com\\\/de\\\/#website\",\"url\":\"https:\\\/\\\/www.plugandtrack.com\\\/de\\\/\",\"name\":\"Plug and Track\",\"description\":\"Sondes &amp; Enregistreurs de Temp\u00e9rature, Humidit\u00e9. Logiciels de contr\u00f4le et de surveillance avec envoi d&#039;alarmes\",\"publisher\":{\"@id\":\"https:\\\/\\\/www.plugandtrack.com\\\/de\\\/#organization\"},\"potentialAction\":[{\"@type\":\"SearchAction\",\"target\":{\"@type\":\"EntryPoint\",\"urlTemplate\":\"https:\\\/\\\/www.plugandtrack.com\\\/de\\\/?s={search_term_string}\"},\"query-input\":{\"@type\":\"PropertyValueSpecification\",\"valueRequired\":true,\"valueName\":\"search_term_string\"}}],\"inLanguage\":\"de-DE\"},{\"@type\":\"Organization\",\"@id\":\"https:\\\/\\\/www.plugandtrack.com\\\/de\\\/#organization\",\"name\":\"PLUG AND TRACK\",\"alternateName\":\"PROGES PLUS\",\"url\":\"https:\\\/\\\/www.plugandtrack.com\\\/de\\\/\",\"logo\":{\"@type\":\"ImageObject\",\"inLanguage\":\"de-DE\",\"@id\":\"https:\\\/\\\/www.plugandtrack.com\\\/de\\\/#\\\/schema\\\/logo\\\/image\\\/\",\"url\":\"https:\\\/\\\/www.plugandtrack.com\\\/wp-content\\\/uploads\\\/2020\\\/03\\\/cropped-favicon-pat.png\",\"contentUrl\":\"https:\\\/\\\/www.plugandtrack.com\\\/wp-content\\\/uploads\\\/2020\\\/03\\\/cropped-favicon-pat.png\",\"width\":512,\"height\":512,\"caption\":\"PLUG AND TRACK\"},\"image\":{\"@id\":\"https:\\\/\\\/www.plugandtrack.com\\\/de\\\/#\\\/schema\\\/logo\\\/image\\\/\"},\"sameAs\":[\"https:\\\/\\\/x.com\\\/plugandtrack\",\"https:\\\/\\\/www.linkedin.com\\\/company\\\/plug-and-track\"],\"description\":\"Plug and Track est une entreprise fran\u00e7aise, sp\u00e9cialis\u00e9e dans la surveillance en temps r\u00e9el des temp\u00e9ratures, de l\u2019humidit\u00e9 et d\u2019autres param\u00e8tres physiques essentiels pour divers secteurs tels que la pharmacie, l'agroalimentaire, et la recherche. Les produits de Plug and Track incluent des enregistreurs de temp\u00e9rature comme les Thermo et Hygro Boutons, des sondes de temp\u00e9rature connect\u00e9es en utilisant l\u2019ethernet, les liaisons sans fil, NB-IoT, GSM ausi que des solutions sp\u00e9cialis\u00e9es pour les camions frigorifiques et les serveurs informatiques. Ces dispositifs permettent non seulement un suivi d\u00e9taill\u00e9 mais aussi l'envoi d'alertes automatiques en cas de d\u00e9passements de seuils critiques, assurant ainsi la conformit\u00e9 r\u00e9glementaire et la s\u00e9curit\u00e9 des produits sensibles. Avec une gamme allant des sondes simples aux syst\u00e8mes int\u00e9gr\u00e9s plus complexes, Plug and Track r\u00e9pond aux besoins sp\u00e9cifiques de surveillance, de conformit\u00e9 r\u00e9glementaire, et d\u2019efficacit\u00e9 op\u00e9rationnelle pour ses clients. Leur engagement envers la qualit\u00e9 et l'innovation technologique fait de Plug and Track un leader dans le domaine de la surveillance de conditions critiques.\",\"email\":\"proges@proges.cpm\",\"telephone\":\"+33320646363\",\"legalName\":\"PROGES PLUS\",\"foundingDate\":\"1985-10-01\",\"vatID\":\"FR53333601573\",\"taxID\":\"FR5333360157300046\",\"numberOfEmployees\":{\"@type\":\"QuantitativeValue\",\"minValue\":\"11\",\"maxValue\":\"50\"}},{\"@type\":\"Person\",\"@id\":\"https:\\\/\\\/www.plugandtrack.com\\\/de\\\/#\\\/schema\\\/person\\\/1b2f4834b89f82520c43252a411949ac\",\"name\":\"tqueva\",\"image\":{\"@type\":\"ImageObject\",\"inLanguage\":\"de-DE\",\"@id\":\"https:\\\/\\\/secure.gravatar.com\\\/avatar\\\/026264ffbd40926ea429dd415307309029b259060230d55f77e73252badec96a?s=96&d=mm&r=g\",\"url\":\"https:\\\/\\\/secure.gravatar.com\\\/avatar\\\/026264ffbd40926ea429dd415307309029b259060230d55f77e73252badec96a?s=96&d=mm&r=g\",\"contentUrl\":\"https:\\\/\\\/secure.gravatar.com\\\/avatar\\\/026264ffbd40926ea429dd415307309029b259060230d55f77e73252badec96a?s=96&d=mm&r=g\",\"caption\":\"tqueva\"},\"url\":\"https:\\\/\\\/www.plugandtrack.com\\\/de\\\/author\\\/tqueva\\\/\"}]}<\/script>\n<!-- \/ Yoast SEO Premium plugin. -->","yoast_head_json":{"title":"Illustrationen und Bilder von Plug and Track-Produkten","description":"Illustrationen und Bilder von Plug & Track-Produkten. Hier finden Sie alle Ressourcen zur Kommunikation \u00fcber unsere Produkte.","robots":{"index":"index","follow":"follow","max-snippet":"max-snippet:-1","max-image-preview":"max-image-preview:large","max-video-preview":"max-video-preview:-1"},"canonical":"https:\/\/www.plugandtrack.com\/de\/illustrationen-bilder-produkte-plug-and-track\/","og_locale":"de_DE","og_type":"article","og_title":"Illustrationen und Bilder","og_description":"Illustrationen und Bilder von Plug & Track-Produkten. Hier finden Sie alle Ressourcen zur Kommunikation \u00fcber unsere Produkte.","og_url":"https:\/\/www.plugandtrack.com\/de\/illustrationen-bilder-produkte-plug-and-track\/","og_site_name":"Plug and Track","article_modified_time":"2025-12-19T13:33:14+00:00","twitter_card":"summary_large_image","twitter_site":"@plugandtrack","twitter_misc":{"Gesch\u00e4tzte Lesezeit":"1 Minute"},"schema":{"@context":"https:\/\/schema.org","@graph":[{"@type":"Article","@id":"https:\/\/www.plugandtrack.com\/de\/illustrationen-bilder-produkte-plug-and-track\/#article","isPartOf":{"@id":"https:\/\/www.plugandtrack.com\/de\/illustrationen-bilder-produkte-plug-and-track\/"},"author":{"name":"tqueva","@id":"https:\/\/www.plugandtrack.com\/de\/#\/schema\/person\/1b2f4834b89f82520c43252a411949ac"},"headline":"Illustrationen und Bilder","datePublished":"2021-09-23T08:14:00+00:00","dateModified":"2025-12-19T13:33:14+00:00","mainEntityOfPage":{"@id":"https:\/\/www.plugandtrack.com\/de\/illustrationen-bilder-produkte-plug-and-track\/"},"wordCount":63,"publisher":{"@id":"https:\/\/www.plugandtrack.com\/de\/#organization"},"inLanguage":"de-DE"},{"@type":"WebPage","@id":"https:\/\/www.plugandtrack.com\/de\/illustrationen-bilder-produkte-plug-and-track\/","url":"https:\/\/www.plugandtrack.com\/de\/illustrationen-bilder-produkte-plug-and-track\/","name":"Illustrationen und Bilder von Plug and Track-Produkten","isPartOf":{"@id":"https:\/\/www.plugandtrack.com\/de\/#website"},"datePublished":"2021-09-23T08:14:00+00:00","dateModified":"2025-12-19T13:33:14+00:00","description":"Illustrationen und Bilder von Plug & Track-Produkten. Hier finden Sie alle Ressourcen zur Kommunikation \u00fcber unsere Produkte.","inLanguage":"de-DE","potentialAction":[{"@type":"ReadAction","target":["https:\/\/www.plugandtrack.com\/de\/illustrationen-bilder-produkte-plug-and-track\/"]}]},{"@type":"WebSite","@id":"https:\/\/www.plugandtrack.com\/de\/#website","url":"https:\/\/www.plugandtrack.com\/de\/","name":"Plug and Track","description":"Sondes &amp; Enregistreurs de Temp\u00e9rature, Humidit\u00e9. Logiciels de contr\u00f4le et de surveillance avec envoi d&#039;alarmes","publisher":{"@id":"https:\/\/www.plugandtrack.com\/de\/#organization"},"potentialAction":[{"@type":"SearchAction","target":{"@type":"EntryPoint","urlTemplate":"https:\/\/www.plugandtrack.com\/de\/?s={search_term_string}"},"query-input":{"@type":"PropertyValueSpecification","valueRequired":true,"valueName":"search_term_string"}}],"inLanguage":"de-DE"},{"@type":"Organization","@id":"https:\/\/www.plugandtrack.com\/de\/#organization","name":"PLUG AND TRACK","alternateName":"PROGES PLUS","url":"https:\/\/www.plugandtrack.com\/de\/","logo":{"@type":"ImageObject","inLanguage":"de-DE","@id":"https:\/\/www.plugandtrack.com\/de\/#\/schema\/logo\/image\/","url":"https:\/\/www.plugandtrack.com\/wp-content\/uploads\/2020\/03\/cropped-favicon-pat.png","contentUrl":"https:\/\/www.plugandtrack.com\/wp-content\/uploads\/2020\/03\/cropped-favicon-pat.png","width":512,"height":512,"caption":"PLUG AND TRACK"},"image":{"@id":"https:\/\/www.plugandtrack.com\/de\/#\/schema\/logo\/image\/"},"sameAs":["https:\/\/x.com\/plugandtrack","https:\/\/www.linkedin.com\/company\/plug-and-track"],"description":"Plug and Track est une entreprise fran\u00e7aise, sp\u00e9cialis\u00e9e dans la surveillance en temps r\u00e9el des temp\u00e9ratures, de l\u2019humidit\u00e9 et d\u2019autres param\u00e8tres physiques essentiels pour divers secteurs tels que la pharmacie, l'agroalimentaire, et la recherche. Les produits de Plug and Track incluent des enregistreurs de temp\u00e9rature comme les Thermo et Hygro Boutons, des sondes de temp\u00e9rature connect\u00e9es en utilisant l\u2019ethernet, les liaisons sans fil, NB-IoT, GSM ausi que des solutions sp\u00e9cialis\u00e9es pour les camions frigorifiques et les serveurs informatiques. Ces dispositifs permettent non seulement un suivi d\u00e9taill\u00e9 mais aussi l'envoi d'alertes automatiques en cas de d\u00e9passements de seuils critiques, assurant ainsi la conformit\u00e9 r\u00e9glementaire et la s\u00e9curit\u00e9 des produits sensibles. Avec une gamme allant des sondes simples aux syst\u00e8mes int\u00e9gr\u00e9s plus complexes, Plug and Track r\u00e9pond aux besoins sp\u00e9cifiques de surveillance, de conformit\u00e9 r\u00e9glementaire, et d\u2019efficacit\u00e9 op\u00e9rationnelle pour ses clients. Leur engagement envers la qualit\u00e9 et l'innovation technologique fait de Plug and Track un leader dans le domaine de la surveillance de conditions critiques.","email":"proges@proges.cpm","telephone":"+33320646363","legalName":"PROGES PLUS","foundingDate":"1985-10-01","vatID":"FR53333601573","taxID":"FR5333360157300046","numberOfEmployees":{"@type":"QuantitativeValue","minValue":"11","maxValue":"50"}},{"@type":"Person","@id":"https:\/\/www.plugandtrack.com\/de\/#\/schema\/person\/1b2f4834b89f82520c43252a411949ac","name":"tqueva","image":{"@type":"ImageObject","inLanguage":"de-DE","@id":"https:\/\/secure.gravatar.com\/avatar\/026264ffbd40926ea429dd415307309029b259060230d55f77e73252badec96a?s=96&d=mm&r=g","url":"https:\/\/secure.gravatar.com\/avatar\/026264ffbd40926ea429dd415307309029b259060230d55f77e73252badec96a?s=96&d=mm&r=g","contentUrl":"https:\/\/secure.gravatar.com\/avatar\/026264ffbd40926ea429dd415307309029b259060230d55f77e73252badec96a?s=96&d=mm&r=g","caption":"tqueva"},"url":"https:\/\/www.plugandtrack.com\/de\/author\/tqueva\/"}]}},"_links":{"self":[{"href":"https:\/\/www.plugandtrack.com\/de\/wp-json\/wp\/v2\/pages\/8894","targetHints":{"allow":["GET"]}}],"collection":[{"href":"https:\/\/www.plugandtrack.com\/de\/wp-json\/wp\/v2\/pages"}],"about":[{"href":"https:\/\/www.plugandtrack.com\/de\/wp-json\/wp\/v2\/types\/page"}],"author":[{"embeddable":true,"href":"https:\/\/www.plugandtrack.com\/de\/wp-json\/wp\/v2\/users\/7"}],"replies":[{"embeddable":true,"href":"https:\/\/www.plugandtrack.com\/de\/wp-json\/wp\/v2\/comments?post=8894"}],"version-history":[{"count":0,"href":"https:\/\/www.plugandtrack.com\/de\/wp-json\/wp\/v2\/pages\/8894\/revisions"}],"wp:attachment":[{"href":"https:\/\/www.plugandtrack.com\/de\/wp-json\/wp\/v2\/media?parent=8894"}],"curies":[{"name":"wp","href":"https:\/\/api.w.org\/{rel}","templated":true}]}}