{"id":2617,"date":"2020-01-23T10:28:22","date_gmt":"2020-01-23T09:28:22","guid":{"rendered":"https:\/\/www.plugandtrack.com\/telechargements\/"},"modified":"2024-02-09T15:34:13","modified_gmt":"2024-02-09T14:34:13","slug":"download","status":"publish","type":"page","link":"https:\/\/www.plugandtrack.com\/de\/download\/","title":{"rendered":"Download"},"content":{"rendered":"<p>Retrouvez ici la liste de nos principaux logiciel. S\u00e9lectionnez celui dont vous avez besoin et cliquez sur le lien de la page correspondant. Le t\u00e9l\u00e9chargement se trouve au base de chaque page Produit.<\/p>\n<p>&nbsp;<\/p>\n<h2>Logiciels pour enregistreurs de temp\u00e9rature Thermo Bouton, Hygro Bouto et iBees<\/h2>\n<p>Thermotrack PC, pour la lecture et la programmation sur PC<\/p>\n<p>TB web Link, pour utilisation avec thermotrack-Webserve<\/p>\n<p>TBO link, pour utilisation avec Thertrack-Online<\/p>\n<p>&nbsp;<\/p>\n<p>&nbsp;<\/p>\n<p>&nbsp;<\/p>\n<p>&nbsp;<\/p>\n<p>&nbsp;<\/p>\n<h2><\/h2>\n","protected":false},"excerpt":{"rendered":"<p>Retrouvez ici la liste de nos principaux logiciel. S\u00e9lectionnez celui dont vous avez besoin et&#8230;<\/p>\n","protected":false},"author":6,"featured_media":0,"parent":0,"menu_order":0,"comment_status":"closed","ping_status":"closed","template":"template-download.php","meta":{"_acf_changed":false,"footnotes":""},"class_list":["post-2617","page","type-page","status-publish","hentry"],"acf":[],"yoast_head":"<!-- This site is optimized with the Yoast SEO Premium plugin v26.6 (Yoast SEO v27.3) - https:\/\/yoast.com\/product\/yoast-seo-premium-wordpress\/ -->\n<title>Download Thermotrack Software<\/title>\n<meta name=\"description\" content=\"Offizielles Download-Center f\u00fcr Plug and Track Software und Manuals f\u00fcr Ihre Temperatur- und Feuchte-Logger und -Sensoren.\" \/>\n<meta name=\"robots\" content=\"index, follow, max-snippet:-1, max-image-preview:large, max-video-preview:-1\" \/>\n<link rel=\"canonical\" href=\"https:\/\/www.plugandtrack.com\/de\/download\/\" \/>\n<meta property=\"og:locale\" content=\"de_DE\" \/>\n<meta property=\"og:type\" content=\"article\" \/>\n<meta property=\"og:title\" content=\"Download\" \/>\n<meta property=\"og:description\" content=\"Offizielles Download-Center f\u00fcr Plug and Track Software und Manuals f\u00fcr Ihre Temperatur- und Feuchte-Logger und -Sensoren.\" \/>\n<meta property=\"og:url\" content=\"https:\/\/www.plugandtrack.com\/de\/download\/\" \/>\n<meta property=\"og:site_name\" content=\"Plug and Track\" \/>\n<meta property=\"article:modified_time\" content=\"2024-02-09T14:34:13+00:00\" \/>\n<meta name=\"twitter:card\" content=\"summary_large_image\" \/>\n<meta name=\"twitter:site\" content=\"@plugandtrack\" \/>\n<meta name=\"twitter:label1\" content=\"Gesch\u00e4tzte Lesezeit\" \/>\n\t<meta name=\"twitter:data1\" content=\"1 Minute\" \/>\n<script type=\"application\/ld+json\" class=\"yoast-schema-graph\">{\"@context\":\"https:\\\/\\\/schema.org\",\"@graph\":[{\"@type\":\"Article\",\"@id\":\"https:\\\/\\\/www.plugandtrack.com\\\/de\\\/download\\\/#article\",\"isPartOf\":{\"@id\":\"https:\\\/\\\/www.plugandtrack.com\\\/de\\\/download\\\/\"},\"author\":{\"name\":\"Benoist MACE\",\"@id\":\"https:\\\/\\\/www.plugandtrack.com\\\/de\\\/#\\\/schema\\\/person\\\/b8ad2b0496def6e41c31b418dc362597\"},\"headline\":\"Download\",\"datePublished\":\"2020-01-23T09:28:22+00:00\",\"dateModified\":\"2024-02-09T14:34:13+00:00\",\"mainEntityOfPage\":{\"@id\":\"https:\\\/\\\/www.plugandtrack.com\\\/de\\\/download\\\/\"},\"wordCount\":78,\"publisher\":{\"@id\":\"https:\\\/\\\/www.plugandtrack.com\\\/de\\\/#organization\"},\"inLanguage\":\"de-DE\"},{\"@type\":\"WebPage\",\"@id\":\"https:\\\/\\\/www.plugandtrack.com\\\/de\\\/download\\\/\",\"url\":\"https:\\\/\\\/www.plugandtrack.com\\\/de\\\/download\\\/\",\"name\":\"Download Thermotrack Software\",\"isPartOf\":{\"@id\":\"https:\\\/\\\/www.plugandtrack.com\\\/de\\\/#website\"},\"datePublished\":\"2020-01-23T09:28:22+00:00\",\"dateModified\":\"2024-02-09T14:34:13+00:00\",\"description\":\"Offizielles Download-Center f\u00fcr Plug and Track Software und Manuals f\u00fcr Ihre Temperatur- und Feuchte-Logger und -Sensoren.\",\"inLanguage\":\"de-DE\",\"potentialAction\":[{\"@type\":\"ReadAction\",\"target\":[\"https:\\\/\\\/www.plugandtrack.com\\\/de\\\/download\\\/\"]}]},{\"@type\":\"WebSite\",\"@id\":\"https:\\\/\\\/www.plugandtrack.com\\\/de\\\/#website\",\"url\":\"https:\\\/\\\/www.plugandtrack.com\\\/de\\\/\",\"name\":\"Plug and Track\",\"description\":\"Sondes &amp; Enregistreurs de Temp\u00e9rature, Humidit\u00e9. Logiciels de contr\u00f4le et de surveillance avec envoi d&#039;alarmes\",\"publisher\":{\"@id\":\"https:\\\/\\\/www.plugandtrack.com\\\/de\\\/#organization\"},\"potentialAction\":[{\"@type\":\"SearchAction\",\"target\":{\"@type\":\"EntryPoint\",\"urlTemplate\":\"https:\\\/\\\/www.plugandtrack.com\\\/de\\\/?s={search_term_string}\"},\"query-input\":{\"@type\":\"PropertyValueSpecification\",\"valueRequired\":true,\"valueName\":\"search_term_string\"}}],\"inLanguage\":\"de-DE\"},{\"@type\":\"Organization\",\"@id\":\"https:\\\/\\\/www.plugandtrack.com\\\/de\\\/#organization\",\"name\":\"PLUG AND TRACK\",\"alternateName\":\"PROGES PLUS\",\"url\":\"https:\\\/\\\/www.plugandtrack.com\\\/de\\\/\",\"logo\":{\"@type\":\"ImageObject\",\"inLanguage\":\"de-DE\",\"@id\":\"https:\\\/\\\/www.plugandtrack.com\\\/de\\\/#\\\/schema\\\/logo\\\/image\\\/\",\"url\":\"https:\\\/\\\/www.plugandtrack.com\\\/wp-content\\\/uploads\\\/2020\\\/03\\\/cropped-favicon-pat.png\",\"contentUrl\":\"https:\\\/\\\/www.plugandtrack.com\\\/wp-content\\\/uploads\\\/2020\\\/03\\\/cropped-favicon-pat.png\",\"width\":512,\"height\":512,\"caption\":\"PLUG AND TRACK\"},\"image\":{\"@id\":\"https:\\\/\\\/www.plugandtrack.com\\\/de\\\/#\\\/schema\\\/logo\\\/image\\\/\"},\"sameAs\":[\"https:\\\/\\\/x.com\\\/plugandtrack\",\"https:\\\/\\\/www.linkedin.com\\\/company\\\/plug-and-track\"],\"description\":\"Plug and Track est une entreprise fran\u00e7aise, sp\u00e9cialis\u00e9e dans la surveillance en temps r\u00e9el des temp\u00e9ratures, de l\u2019humidit\u00e9 et d\u2019autres param\u00e8tres physiques essentiels pour divers secteurs tels que la pharmacie, l'agroalimentaire, et la recherche. Les produits de Plug and Track incluent des enregistreurs de temp\u00e9rature comme les Thermo et Hygro Boutons, des sondes de temp\u00e9rature connect\u00e9es en utilisant l\u2019ethernet, les liaisons sans fil, NB-IoT, GSM ausi que des solutions sp\u00e9cialis\u00e9es pour les camions frigorifiques et les serveurs informatiques. Ces dispositifs permettent non seulement un suivi d\u00e9taill\u00e9 mais aussi l'envoi d'alertes automatiques en cas de d\u00e9passements de seuils critiques, assurant ainsi la conformit\u00e9 r\u00e9glementaire et la s\u00e9curit\u00e9 des produits sensibles. Avec une gamme allant des sondes simples aux syst\u00e8mes int\u00e9gr\u00e9s plus complexes, Plug and Track r\u00e9pond aux besoins sp\u00e9cifiques de surveillance, de conformit\u00e9 r\u00e9glementaire, et d\u2019efficacit\u00e9 op\u00e9rationnelle pour ses clients. Leur engagement envers la qualit\u00e9 et l'innovation technologique fait de Plug and Track un leader dans le domaine de la surveillance de conditions critiques.\",\"email\":\"proges@proges.cpm\",\"telephone\":\"+33320646363\",\"legalName\":\"PROGES PLUS\",\"foundingDate\":\"1985-10-01\",\"vatID\":\"FR53333601573\",\"taxID\":\"FR5333360157300046\",\"numberOfEmployees\":{\"@type\":\"QuantitativeValue\",\"minValue\":\"11\",\"maxValue\":\"50\"}},{\"@type\":\"Person\",\"@id\":\"https:\\\/\\\/www.plugandtrack.com\\\/de\\\/#\\\/schema\\\/person\\\/b8ad2b0496def6e41c31b418dc362597\",\"name\":\"Benoist MACE\",\"image\":{\"@type\":\"ImageObject\",\"inLanguage\":\"de-DE\",\"@id\":\"https:\\\/\\\/secure.gravatar.com\\\/avatar\\\/083e5a0c821b7e8432040c747b140f9c4a270d8238c8e2fb0776dcbee856ba99?s=96&d=mm&r=g\",\"url\":\"https:\\\/\\\/secure.gravatar.com\\\/avatar\\\/083e5a0c821b7e8432040c747b140f9c4a270d8238c8e2fb0776dcbee856ba99?s=96&d=mm&r=g\",\"contentUrl\":\"https:\\\/\\\/secure.gravatar.com\\\/avatar\\\/083e5a0c821b7e8432040c747b140f9c4a270d8238c8e2fb0776dcbee856ba99?s=96&d=mm&r=g\",\"caption\":\"Benoist MACE\"},\"knowsAbout\":[\"Chaine du Froid\",\"Technologie\",\"Logiciels\",\"Mesure\"],\"jobTitle\":\"Business Unit Manager\",\"worksFor\":\"Plug and Track Proges Plus\",\"url\":\"https:\\\/\\\/www.plugandtrack.com\\\/de\\\/author\\\/bmace\\\/\"}]}<\/script>\n<!-- \/ Yoast SEO Premium plugin. -->","yoast_head_json":{"title":"Download Thermotrack Software","description":"Offizielles Download-Center f\u00fcr Plug and Track Software und Manuals f\u00fcr Ihre Temperatur- und Feuchte-Logger und -Sensoren.","robots":{"index":"index","follow":"follow","max-snippet":"max-snippet:-1","max-image-preview":"max-image-preview:large","max-video-preview":"max-video-preview:-1"},"canonical":"https:\/\/www.plugandtrack.com\/de\/download\/","og_locale":"de_DE","og_type":"article","og_title":"Download","og_description":"Offizielles Download-Center f\u00fcr Plug and Track Software und Manuals f\u00fcr Ihre Temperatur- und Feuchte-Logger und -Sensoren.","og_url":"https:\/\/www.plugandtrack.com\/de\/download\/","og_site_name":"Plug and Track","article_modified_time":"2024-02-09T14:34:13+00:00","twitter_card":"summary_large_image","twitter_site":"@plugandtrack","twitter_misc":{"Gesch\u00e4tzte Lesezeit":"1 Minute"},"schema":{"@context":"https:\/\/schema.org","@graph":[{"@type":"Article","@id":"https:\/\/www.plugandtrack.com\/de\/download\/#article","isPartOf":{"@id":"https:\/\/www.plugandtrack.com\/de\/download\/"},"author":{"name":"Benoist MACE","@id":"https:\/\/www.plugandtrack.com\/de\/#\/schema\/person\/b8ad2b0496def6e41c31b418dc362597"},"headline":"Download","datePublished":"2020-01-23T09:28:22+00:00","dateModified":"2024-02-09T14:34:13+00:00","mainEntityOfPage":{"@id":"https:\/\/www.plugandtrack.com\/de\/download\/"},"wordCount":78,"publisher":{"@id":"https:\/\/www.plugandtrack.com\/de\/#organization"},"inLanguage":"de-DE"},{"@type":"WebPage","@id":"https:\/\/www.plugandtrack.com\/de\/download\/","url":"https:\/\/www.plugandtrack.com\/de\/download\/","name":"Download Thermotrack Software","isPartOf":{"@id":"https:\/\/www.plugandtrack.com\/de\/#website"},"datePublished":"2020-01-23T09:28:22+00:00","dateModified":"2024-02-09T14:34:13+00:00","description":"Offizielles Download-Center f\u00fcr Plug and Track Software und Manuals f\u00fcr Ihre Temperatur- und Feuchte-Logger und -Sensoren.","inLanguage":"de-DE","potentialAction":[{"@type":"ReadAction","target":["https:\/\/www.plugandtrack.com\/de\/download\/"]}]},{"@type":"WebSite","@id":"https:\/\/www.plugandtrack.com\/de\/#website","url":"https:\/\/www.plugandtrack.com\/de\/","name":"Plug and Track","description":"Sondes &amp; Enregistreurs de Temp\u00e9rature, Humidit\u00e9. Logiciels de contr\u00f4le et de surveillance avec envoi d&#039;alarmes","publisher":{"@id":"https:\/\/www.plugandtrack.com\/de\/#organization"},"potentialAction":[{"@type":"SearchAction","target":{"@type":"EntryPoint","urlTemplate":"https:\/\/www.plugandtrack.com\/de\/?s={search_term_string}"},"query-input":{"@type":"PropertyValueSpecification","valueRequired":true,"valueName":"search_term_string"}}],"inLanguage":"de-DE"},{"@type":"Organization","@id":"https:\/\/www.plugandtrack.com\/de\/#organization","name":"PLUG AND TRACK","alternateName":"PROGES PLUS","url":"https:\/\/www.plugandtrack.com\/de\/","logo":{"@type":"ImageObject","inLanguage":"de-DE","@id":"https:\/\/www.plugandtrack.com\/de\/#\/schema\/logo\/image\/","url":"https:\/\/www.plugandtrack.com\/wp-content\/uploads\/2020\/03\/cropped-favicon-pat.png","contentUrl":"https:\/\/www.plugandtrack.com\/wp-content\/uploads\/2020\/03\/cropped-favicon-pat.png","width":512,"height":512,"caption":"PLUG AND TRACK"},"image":{"@id":"https:\/\/www.plugandtrack.com\/de\/#\/schema\/logo\/image\/"},"sameAs":["https:\/\/x.com\/plugandtrack","https:\/\/www.linkedin.com\/company\/plug-and-track"],"description":"Plug and Track est une entreprise fran\u00e7aise, sp\u00e9cialis\u00e9e dans la surveillance en temps r\u00e9el des temp\u00e9ratures, de l\u2019humidit\u00e9 et d\u2019autres param\u00e8tres physiques essentiels pour divers secteurs tels que la pharmacie, l'agroalimentaire, et la recherche. Les produits de Plug and Track incluent des enregistreurs de temp\u00e9rature comme les Thermo et Hygro Boutons, des sondes de temp\u00e9rature connect\u00e9es en utilisant l\u2019ethernet, les liaisons sans fil, NB-IoT, GSM ausi que des solutions sp\u00e9cialis\u00e9es pour les camions frigorifiques et les serveurs informatiques. Ces dispositifs permettent non seulement un suivi d\u00e9taill\u00e9 mais aussi l'envoi d'alertes automatiques en cas de d\u00e9passements de seuils critiques, assurant ainsi la conformit\u00e9 r\u00e9glementaire et la s\u00e9curit\u00e9 des produits sensibles. Avec une gamme allant des sondes simples aux syst\u00e8mes int\u00e9gr\u00e9s plus complexes, Plug and Track r\u00e9pond aux besoins sp\u00e9cifiques de surveillance, de conformit\u00e9 r\u00e9glementaire, et d\u2019efficacit\u00e9 op\u00e9rationnelle pour ses clients. Leur engagement envers la qualit\u00e9 et l'innovation technologique fait de Plug and Track un leader dans le domaine de la surveillance de conditions critiques.","email":"proges@proges.cpm","telephone":"+33320646363","legalName":"PROGES PLUS","foundingDate":"1985-10-01","vatID":"FR53333601573","taxID":"FR5333360157300046","numberOfEmployees":{"@type":"QuantitativeValue","minValue":"11","maxValue":"50"}},{"@type":"Person","@id":"https:\/\/www.plugandtrack.com\/de\/#\/schema\/person\/b8ad2b0496def6e41c31b418dc362597","name":"Benoist MACE","image":{"@type":"ImageObject","inLanguage":"de-DE","@id":"https:\/\/secure.gravatar.com\/avatar\/083e5a0c821b7e8432040c747b140f9c4a270d8238c8e2fb0776dcbee856ba99?s=96&d=mm&r=g","url":"https:\/\/secure.gravatar.com\/avatar\/083e5a0c821b7e8432040c747b140f9c4a270d8238c8e2fb0776dcbee856ba99?s=96&d=mm&r=g","contentUrl":"https:\/\/secure.gravatar.com\/avatar\/083e5a0c821b7e8432040c747b140f9c4a270d8238c8e2fb0776dcbee856ba99?s=96&d=mm&r=g","caption":"Benoist MACE"},"knowsAbout":["Chaine du Froid","Technologie","Logiciels","Mesure"],"jobTitle":"Business Unit Manager","worksFor":"Plug and Track Proges Plus","url":"https:\/\/www.plugandtrack.com\/de\/author\/bmace\/"}]}},"_links":{"self":[{"href":"https:\/\/www.plugandtrack.com\/de\/wp-json\/wp\/v2\/pages\/2617","targetHints":{"allow":["GET"]}}],"collection":[{"href":"https:\/\/www.plugandtrack.com\/de\/wp-json\/wp\/v2\/pages"}],"about":[{"href":"https:\/\/www.plugandtrack.com\/de\/wp-json\/wp\/v2\/types\/page"}],"author":[{"embeddable":true,"href":"https:\/\/www.plugandtrack.com\/de\/wp-json\/wp\/v2\/users\/6"}],"replies":[{"embeddable":true,"href":"https:\/\/www.plugandtrack.com\/de\/wp-json\/wp\/v2\/comments?post=2617"}],"version-history":[{"count":0,"href":"https:\/\/www.plugandtrack.com\/de\/wp-json\/wp\/v2\/pages\/2617\/revisions"}],"wp:attachment":[{"href":"https:\/\/www.plugandtrack.com\/de\/wp-json\/wp\/v2\/media?parent=2617"}],"curies":[{"name":"wp","href":"https:\/\/api.w.org\/{rel}","templated":true}]}}