{"id":2605,"date":"2020-05-13T08:42:49","date_gmt":"2020-05-13T06:42:49","guid":{"rendered":"https:\/\/www.plugandtrack.com\/lexique\/"},"modified":"2022-04-26T17:49:28","modified_gmt":"2022-04-26T15:49:28","slug":"lexikon","status":"publish","type":"page","link":"https:\/\/www.plugandtrack.com\/de\/lexikon\/","title":{"rendered":"Lexikon"},"content":{"rendered":"<h3>Temperatur Datenlogger<\/h3>\n<p>Ein Temperatur Datenlogger besteht mindestens aus einem Temperatursensor, einem elektronischen Speicher, einem Mikrocontroller und einer Batterie zum Betrieb des Ger\u00e4ts. Es kann mit einem externen Temperatursensor oder einem internen Sensor sein. Dies ist der Fall des <strong><span style=\"color: #62c5bc;\"><a style=\"color: #62c5bc;\" href=\"https:\/\/www.plugandtrack.com\/de\/produkte\/thermo-button-datenlogger\/\" target=\"_blank\" rel=\"noopener noreferrer\">Thermo Buttons<\/a><\/span><\/strong>, eines Temperaturlogger, der all diese Elemente in seiner Edelstahlh\u00fclle konzentriert.<\/p>\n<p>Ein Temperatur Datenlogger erm\u00f6glicht es also, die Temperatur in regelm\u00e4ssigen Abst\u00e4nden zu messen und in seinem Speicher zu speichern. Auf diese Weise erh\u00e4lt man eine vollst\u00e4ndige Historie, die es erlaubt, die Temperatur \u00fcber einen genauen Zeitraum zu \u00fcberwachen. Ein Temperatur Datenlogger wird insbesondere zur \u00dcberwachung der Einhaltung der K\u00fchlkette in der <strong><span style=\"color: #62c5bc;\"><a style=\"color: #62c5bc;\" href=\"https:\/\/www.plugandtrack.com\/de\/industrie\/kuehlkette-pharma-und-gesundheit\/\" target=\"_blank\" rel=\"noopener noreferrer\">pharmazeutischen Industrie<\/a><\/span><\/strong>, in Biologielabors und in der <strong><span style=\"color: #62c5bc;\"><a style=\"color: #62c5bc;\" href=\"https:\/\/www.plugandtrack.com\/de\/industrie\/temperatur-kontrolle-haccp-lebensmittel\/\" target=\"_blank\" rel=\"noopener noreferrer\">Lebensmittelindustrie<\/a><\/span><\/strong>\u00a0eingesetzt.<\/p>\n<p>In der Tat sind diese Sektoren aufgrund der K\u00fchlkette Vorschriften verpflichtet, die Temperatur w\u00e4hrend des Transports, der Lagerung und der Konservierung der Produkte zu \u00fcberwachen. Es gibt auch Temperatur- und Feuchtigkeit Datenlogger, mit denen beide Parameter gleichzeitig gemessen werden k\u00f6nnen.<\/p>\n<h3>K\u00fchlkette<\/h3>\n<p><span style=\"color: #62c5bc;\"><strong>Die K\u00fchlkette umfasst alle Vorg\u00e4nge, die notwendig sind, um Produkte (h\u00e4ufig Lebensmittel oder Arzneimittel) auf einer niedrigen Temperatur zu halten, um die Erhaltung ihrer Eigenschaften zu gew\u00e4hrleisten.<\/strong><\/span><\/p>\n<p>Je nach Produkt wird es unterschiedliche Standards geben: +2 bis +8\u00b0C f\u00fcr Impfstoffe oder viele pharmazeutische oder Lebensmittelprodukte, oder sogar mit viel geringeren Toleranzen wie Fisch.<\/p>\n<p>Die Verwendung des Wortes Kette unterstreicht die Bedeutung der Kontinuit\u00e4t der Schritte. Alle an der Kette Beteiligten m\u00fcssen daf\u00fcr sorgen, dass sie aufrechterhalten wird. Die Einhaltung der K\u00fchlkette erfordert den Einsatz von Kontroll Mitteln wie Temperatur Datenlogger.<\/p>\n<p>&nbsp;<\/p>\n<h3>HACCP (Hazard Analysis Critical Control Point)<\/h3>\n<p>Hazard Analysis and Critical Control Points (HACCP): Gem\u00e4\u00df der Definition der NF V 01-002 ist HACCP ein System, <strong><span style=\"color: #62c5bc;\">das signifikante Gefahren im Hinblick auf die Lebensmittelsicherheit identifiziert, bewertet und kontrolliert.\u00a0<\/span><\/strong><\/p>\n<p>HACCP ist keine Norm, sondern ein Arbeitsinstrument. Es basiert auf 7 Prinzipien. Die Umsetzung von HACCP erfolgt in einer Abfolge von 12 Schritten, einschlie\u00dflich der Analyse der Gefahren und der Bestimmung der kritischen Kontrollpunkte, um diese zu kontrollieren.<\/p>\n<p>&nbsp;<\/p>\n<p style=\"font-size: 16px; letter-spacing: normal;\"><strong><span style=\"color: #62c5bc;\">Die 3 Familien der kritischen Punkte sind wie folgt :<\/span><\/strong><\/p>\n<ul>\n<li><span style=\"font-size: 1.6rem; letter-spacing: 0px;\">Biologische Gefahren (Bakterien, Viren&#8230;).<\/span><\/li>\n<li><span style=\"font-size: 1.6rem; letter-spacing: 0px;\">Chemische Gefahren (chemische R\u00fcckst\u00e4nde, Zusatzstoffe&#8230;).<\/span><\/li>\n<li><span style=\"font-size: 1.6rem; letter-spacing: 0px;\">Physikalische Gefahren (Fremdk\u00f6rper, Verpackung&#8230;)<\/span><\/li>\n<\/ul>\n<p>In den meisten F\u00e4llen ist die Temperatur\u00fcberwachung einer der wichtigsten kritischen Punkte, und der Qualit\u00e4tsmanager wird die Einhaltung der K\u00fchlkette \u00fcberwachen m\u00fcssen. Dazu verwendet er Thermometern oder Temperatur Datenlogger schreiber wie die <strong><span style=\"color: #62c5bc;\"><a style=\"color: #62c5bc;\" href=\"https:\/\/www.plugandtrack.com\/de\/produkte\/thermo-button-datenlogger\/\" target=\"_blank\" rel=\"noopener noreferrer\">Thermo Buttons.<\/a><\/span><\/strong><\/p>\n<p><strong><span style=\"color: #62c5bc;\"><a style=\"color: #62c5bc;\" href=\"https:\/\/de.wikipedia.org\/wiki\/Gefahrenanalyse_und_kritische_Kontrollpunkte\" target=\"_blank\" rel=\"noopener noreferrer\">Siehe den Artikel \u00fcber HACCP auf Wikipedia.<\/a><\/span><\/strong><\/p>\n<h3><\/h3>\n<h3>Die Norm EN 12830<\/h3>\n<p>Die Norm EN 12830 beschreibt die <span style=\"color: #62c5bc;\"><strong>metrologischen, elektrischen und mechanischen Eigenschaften, die ein Temperatur Datenlogger <\/strong><\/span>f\u00fcr den <em>Transport, die Lagerung und den Vertrieb von gek\u00fchlten, gefrorenen und tiefgefrorenen Lebensmitteln und Speiseeis<\/em> haben muss.<\/p>\n<p>Die Norm EN 12830 schreibt u.a. vor, dass die Loggern eine Genauigkeit von \u00b11\u00b0C zwischen -30\u00b0C und +30\u00b0C und eine Ansprechzeit von 5 Minuten haben m\u00fcssen.<br \/>\nEs wurde f\u00fcr den <strong><span style=\"color: #62c5bc;\"><a style=\"color: #62c5bc;\" href=\"https:\/\/www.plugandtrack.com\/de\/industrie\/temperatur-kontrolle-haccp-lebensmittel\/\" target=\"_blank\" rel=\"noopener noreferrer\">Agrar- und Lebensmittelsektor<\/a><\/span><\/strong> geschrieben und sp\u00e4ter allen Sektoren, insbesondere der <strong><span style=\"color: #62c5bc;\"><a style=\"color: #62c5bc;\" href=\"https:\/\/www.plugandtrack.com\/de\/industrie\/kuehlkette-pharma-und-gesundheit\/\" target=\"_blank\" rel=\"noopener noreferrer\">Gesundheits- und Pharmaindustrie,<\/a><\/span><\/strong> auferlegt.<\/p>\n<p>Die <strong><span style=\"color: #62c5bc;\"><a style=\"color: #62c5bc;\" href=\"https:\/\/www.plugandtrack.com\/de\/produkte\/thermo-button-datenlogger\/\" target=\"_blank\" rel=\"noopener noreferrer\">Thermo Buttons<\/a><\/span><\/strong> Temperaturlogger wurden alle getestet und entsprechen der EN 12830.<\/p>\n<h3>Die Norme NF X 15-140 und EN60068-5<\/h3>\n<p>Die Norm NF X-15-140 gilt f\u00fcr die Charakterisierung und Verifizierung von Klima- und Thermostatkammern, auch <strong><span style=\"color: #62c5bc;\"><a style=\"color: #62c5bc;\" href=\"https:\/\/www.plugandtrack.com\/de\/dienstleistungen\/temperatur-mapping\/\" target=\"_blank\" rel=\"noopener noreferrer\">Kammer-Mapping \u00a0<\/a><\/span><\/strong>genannt. Sie wird nach und nach durch die europ\u00e4ische Norm EN60068-5 ersetzt. Diese Norm erlaubt es zu \u00fcberpr\u00fcfen, ob ein Geh\u00e4use (K\u00fchlschrank, Ofen, Lagerhaus&#8230;) es erlaubt, eine stabile und homogene Temperatur zu halten.<\/p>\n<p>Das allgemeine Prinzip besteht darin, zu validieren, dass die eingestellte Temperatur eingehalten wird und nicht von den MPEs (Maximum Tolerated Deviations) abweicht.<br \/>\nSo muss ein bakteriologischer Ofen auf 37\u00b0C (Sollwert) gehalten werden und zwischen +36\u00b0C und +38\u00b0C (MPE von 1\u00b0C) bleiben.<\/p>\n<p>Das Mapping einer Kammer von weniger als 2m3 erfolgt durch die Platzierung von 9 Temperaturaufzeichnungsger\u00e4ten, die in den Ecken und in der Mitte der Kammer verteilt sind. F\u00fcr Kammern von 2 bis 15m3 werden 15 Temperaturlogger eingesetzt. \u00dcber 15m3 hinaus legt die Norm die Anzahl der zu verwendenden Temperaturlogger nicht fest.<\/p>\n<h3>Kalibrierung (Nachkalibrierung)<\/h3>\n<p>Unter Kalibrierung versteht man <em>die Einstellung eines Ger\u00e4ts in Bezug auf Referenzdaten, um ein getreues Verhalten w\u00e4hrend der Aufnahme oder Wiedergabe zu erhalten<\/em>. Der Begriff &#8220;Calibration&#8221; ist ein Anglizismus, der im Englischen nicht existiert, aber h\u00e4ufig verwendet werden wird. Im Falle eines Temperatur Datenloggers wird die Kalibrierung verwendet, um die Abweichung von einem Standard zu korrigieren, der w\u00e4hrend der Kalibrierung gemessen wird.<\/p>\n<h3>Kalibrierung<\/h3>\n<p>Nach dem Internationalen Vokabular der Metrologie ist Kalibrieren <em>der Vorgang, bei dem unter festgelegten Bedingungen in einem ersten Schritt eine Beziehung zwischen den von den Normalen gelieferten Werten und den zugeh\u00f6rigen Messunsicherheiten und den entsprechenden Anzeigen mit den zugeh\u00f6rigen Unsicherheiten hergestellt wird und dann in einem zweiten Schritt anhand dieser Informationen eine Beziehung hergestellt wird, um aus einer Anzeige ein Messergebnis zu erhalten<\/em>.<\/p>\n<p><span style=\"color: #62c5bc;\"><strong>Die Kalibrierung eines Temperaturloggers erfolgt durch Vergleich mit einem Pr\u00e4zisionsthermometer oder einem anderen Logger. <\/strong><\/span>Es wird davon ausgegangen, dass der Standard genauer sein muss als das zu kalibrierende Instrument..<\/p>\n<p>In einem Metrologielabor wird die Kalibrierung in einem Bad durchgef\u00fchrt, das Homogenit\u00e4t und Temperaturstabilit\u00e4t garantiert. Wenn kein Kalibrierbad zur Verf\u00fcgung steht, kann der Temperaturlogger in einen Beh\u00e4lter mit Sand oder eine Schale mit zersto\u00dfenem Eis gestellt werden. Die Verwendung von zersto\u00dfenem Eis f\u00fcr die Kalibrierung eines Thermometers oder Temperaturlogger ist eine L\u00f6sung, die zur Validierung der Temperatur bei 0\u00b0C verwendet wird, wenn kein Standard verf\u00fcgbar ist.<\/p>\n<p>Eine Kalibrierung muss von einer Unsicherheitsberechnung begleitet werden, die die verwendete Methode und das erzielte Ergebnis validiert..<\/p>\n<h3>Mapping<\/h3>\n<p>Mit einem <strong><span style=\"color: #62c5bc;\"><a style=\"color: #62c5bc;\" href=\"https:\/\/www.plugandtrack.com\/de\/dienstleistungen\/temperatur-mapping\/\" target=\"_blank\" rel=\"noopener noreferrer\">Mapping-Modul<\/a><\/span><\/strong> k\u00f6nnen Sie \u00fcberpr\u00fcfen, ob die Temperaturen und die Hygrometrie Ihrer Ger\u00e4te gem\u00e4\u00df den Normen NFX15-140, FD X15140 und EN 600683-5 stabil und homogen sind.<\/p>\n","protected":false},"excerpt":{"rendered":"<p>Temperatur Datenlogger Ein Temperatur Datenlogger besteht mindestens aus einem Temperatursensor, einem elektronischen Speicher, einem Mikrocontroller&#8230;<\/p>\n","protected":false},"author":7,"featured_media":0,"parent":0,"menu_order":0,"comment_status":"closed","ping_status":"closed","template":"","meta":{"_acf_changed":false,"footnotes":""},"class_list":["post-2605","page","type-page","status-publish","hentry"],"acf":[],"yoast_head":"<!-- This site is optimized with the Yoast SEO Premium plugin v26.6 (Yoast SEO v27.3) - https:\/\/yoast.com\/product\/yoast-seo-premium-wordpress\/ -->\n<title>Lexikon Temperatur Datenlogger HACCP<\/title>\n<meta name=\"description\" content=\"Warum sollten Sie einen Temperatur Logger f\u00fcr Ihre T\u00e4tigkeit w\u00e4hlen? Was ist die K\u00fchlkette? Was bedeutet HACCP? Konsultieren Sie unser Lexikon!\" \/>\n<meta name=\"robots\" content=\"index, follow, max-snippet:-1, max-image-preview:large, max-video-preview:-1\" \/>\n<link rel=\"canonical\" href=\"https:\/\/www.plugandtrack.com\/de\/lexikon\/\" \/>\n<meta property=\"og:locale\" content=\"de_DE\" \/>\n<meta property=\"og:type\" content=\"article\" \/>\n<meta property=\"og:title\" content=\"Lexikon\" \/>\n<meta property=\"og:description\" content=\"Warum sollten Sie einen Temperatur Logger f\u00fcr Ihre T\u00e4tigkeit w\u00e4hlen? Was ist die K\u00fchlkette? Was bedeutet HACCP? Konsultieren Sie unser Lexikon!\" \/>\n<meta property=\"og:url\" content=\"https:\/\/www.plugandtrack.com\/de\/lexikon\/\" \/>\n<meta property=\"og:site_name\" content=\"Plug and Track\" \/>\n<meta property=\"article:modified_time\" content=\"2022-04-26T15:49:28+00:00\" \/>\n<meta name=\"twitter:card\" content=\"summary_large_image\" \/>\n<meta name=\"twitter:site\" content=\"@plugandtrack\" \/>\n<meta name=\"twitter:label1\" content=\"Gesch\u00e4tzte Lesezeit\" \/>\n\t<meta name=\"twitter:data1\" content=\"5 Minuten\" \/>\n<script type=\"application\/ld+json\" class=\"yoast-schema-graph\">{\"@context\":\"https:\\\/\\\/schema.org\",\"@graph\":[{\"@type\":\"Article\",\"@id\":\"https:\\\/\\\/www.plugandtrack.com\\\/de\\\/lexikon\\\/#article\",\"isPartOf\":{\"@id\":\"https:\\\/\\\/www.plugandtrack.com\\\/de\\\/lexikon\\\/\"},\"author\":{\"name\":\"tqueva\",\"@id\":\"https:\\\/\\\/www.plugandtrack.com\\\/de\\\/#\\\/schema\\\/person\\\/1b2f4834b89f82520c43252a411949ac\"},\"headline\":\"Lexikon\",\"datePublished\":\"2020-05-13T06:42:49+00:00\",\"dateModified\":\"2022-04-26T15:49:28+00:00\",\"mainEntityOfPage\":{\"@id\":\"https:\\\/\\\/www.plugandtrack.com\\\/de\\\/lexikon\\\/\"},\"wordCount\":946,\"publisher\":{\"@id\":\"https:\\\/\\\/www.plugandtrack.com\\\/de\\\/#organization\"},\"inLanguage\":\"de-DE\"},{\"@type\":\"WebPage\",\"@id\":\"https:\\\/\\\/www.plugandtrack.com\\\/de\\\/lexikon\\\/\",\"url\":\"https:\\\/\\\/www.plugandtrack.com\\\/de\\\/lexikon\\\/\",\"name\":\"Lexikon Temperatur Datenlogger HACCP\",\"isPartOf\":{\"@id\":\"https:\\\/\\\/www.plugandtrack.com\\\/de\\\/#website\"},\"datePublished\":\"2020-05-13T06:42:49+00:00\",\"dateModified\":\"2022-04-26T15:49:28+00:00\",\"description\":\"Warum sollten Sie einen Temperatur Logger f\u00fcr Ihre T\u00e4tigkeit w\u00e4hlen? Was ist die K\u00fchlkette? Was bedeutet HACCP? Konsultieren Sie unser Lexikon!\",\"inLanguage\":\"de-DE\",\"potentialAction\":[{\"@type\":\"ReadAction\",\"target\":[\"https:\\\/\\\/www.plugandtrack.com\\\/de\\\/lexikon\\\/\"]}]},{\"@type\":\"WebSite\",\"@id\":\"https:\\\/\\\/www.plugandtrack.com\\\/de\\\/#website\",\"url\":\"https:\\\/\\\/www.plugandtrack.com\\\/de\\\/\",\"name\":\"Plug and Track\",\"description\":\"Sondes &amp; Enregistreurs de Temp\u00e9rature, Humidit\u00e9. Logiciels de contr\u00f4le et de surveillance avec envoi d&#039;alarmes\",\"publisher\":{\"@id\":\"https:\\\/\\\/www.plugandtrack.com\\\/de\\\/#organization\"},\"potentialAction\":[{\"@type\":\"SearchAction\",\"target\":{\"@type\":\"EntryPoint\",\"urlTemplate\":\"https:\\\/\\\/www.plugandtrack.com\\\/de\\\/?s={search_term_string}\"},\"query-input\":{\"@type\":\"PropertyValueSpecification\",\"valueRequired\":true,\"valueName\":\"search_term_string\"}}],\"inLanguage\":\"de-DE\"},{\"@type\":\"Organization\",\"@id\":\"https:\\\/\\\/www.plugandtrack.com\\\/de\\\/#organization\",\"name\":\"PLUG AND TRACK\",\"alternateName\":\"PROGES PLUS\",\"url\":\"https:\\\/\\\/www.plugandtrack.com\\\/de\\\/\",\"logo\":{\"@type\":\"ImageObject\",\"inLanguage\":\"de-DE\",\"@id\":\"https:\\\/\\\/www.plugandtrack.com\\\/de\\\/#\\\/schema\\\/logo\\\/image\\\/\",\"url\":\"https:\\\/\\\/www.plugandtrack.com\\\/wp-content\\\/uploads\\\/2020\\\/03\\\/cropped-favicon-pat.png\",\"contentUrl\":\"https:\\\/\\\/www.plugandtrack.com\\\/wp-content\\\/uploads\\\/2020\\\/03\\\/cropped-favicon-pat.png\",\"width\":512,\"height\":512,\"caption\":\"PLUG AND TRACK\"},\"image\":{\"@id\":\"https:\\\/\\\/www.plugandtrack.com\\\/de\\\/#\\\/schema\\\/logo\\\/image\\\/\"},\"sameAs\":[\"https:\\\/\\\/x.com\\\/plugandtrack\",\"https:\\\/\\\/www.linkedin.com\\\/company\\\/plug-and-track\"],\"description\":\"Plug and Track est une entreprise fran\u00e7aise, sp\u00e9cialis\u00e9e dans la surveillance en temps r\u00e9el des temp\u00e9ratures, de l\u2019humidit\u00e9 et d\u2019autres param\u00e8tres physiques essentiels pour divers secteurs tels que la pharmacie, l'agroalimentaire, et la recherche. Les produits de Plug and Track incluent des enregistreurs de temp\u00e9rature comme les Thermo et Hygro Boutons, des sondes de temp\u00e9rature connect\u00e9es en utilisant l\u2019ethernet, les liaisons sans fil, NB-IoT, GSM ausi que des solutions sp\u00e9cialis\u00e9es pour les camions frigorifiques et les serveurs informatiques. Ces dispositifs permettent non seulement un suivi d\u00e9taill\u00e9 mais aussi l'envoi d'alertes automatiques en cas de d\u00e9passements de seuils critiques, assurant ainsi la conformit\u00e9 r\u00e9glementaire et la s\u00e9curit\u00e9 des produits sensibles. Avec une gamme allant des sondes simples aux syst\u00e8mes int\u00e9gr\u00e9s plus complexes, Plug and Track r\u00e9pond aux besoins sp\u00e9cifiques de surveillance, de conformit\u00e9 r\u00e9glementaire, et d\u2019efficacit\u00e9 op\u00e9rationnelle pour ses clients. Leur engagement envers la qualit\u00e9 et l'innovation technologique fait de Plug and Track un leader dans le domaine de la surveillance de conditions critiques.\",\"email\":\"proges@proges.cpm\",\"telephone\":\"+33320646363\",\"legalName\":\"PROGES PLUS\",\"foundingDate\":\"1985-10-01\",\"vatID\":\"FR53333601573\",\"taxID\":\"FR5333360157300046\",\"numberOfEmployees\":{\"@type\":\"QuantitativeValue\",\"minValue\":\"11\",\"maxValue\":\"50\"}},{\"@type\":\"Person\",\"@id\":\"https:\\\/\\\/www.plugandtrack.com\\\/de\\\/#\\\/schema\\\/person\\\/1b2f4834b89f82520c43252a411949ac\",\"name\":\"tqueva\",\"image\":{\"@type\":\"ImageObject\",\"inLanguage\":\"de-DE\",\"@id\":\"https:\\\/\\\/secure.gravatar.com\\\/avatar\\\/026264ffbd40926ea429dd415307309029b259060230d55f77e73252badec96a?s=96&d=mm&r=g\",\"url\":\"https:\\\/\\\/secure.gravatar.com\\\/avatar\\\/026264ffbd40926ea429dd415307309029b259060230d55f77e73252badec96a?s=96&d=mm&r=g\",\"contentUrl\":\"https:\\\/\\\/secure.gravatar.com\\\/avatar\\\/026264ffbd40926ea429dd415307309029b259060230d55f77e73252badec96a?s=96&d=mm&r=g\",\"caption\":\"tqueva\"},\"url\":\"https:\\\/\\\/www.plugandtrack.com\\\/de\\\/author\\\/tqueva\\\/\"}]}<\/script>\n<!-- \/ Yoast SEO Premium plugin. -->","yoast_head_json":{"title":"Lexikon Temperatur Datenlogger HACCP","description":"Warum sollten Sie einen Temperatur Logger f\u00fcr Ihre T\u00e4tigkeit w\u00e4hlen? Was ist die K\u00fchlkette? Was bedeutet HACCP? Konsultieren Sie unser Lexikon!","robots":{"index":"index","follow":"follow","max-snippet":"max-snippet:-1","max-image-preview":"max-image-preview:large","max-video-preview":"max-video-preview:-1"},"canonical":"https:\/\/www.plugandtrack.com\/de\/lexikon\/","og_locale":"de_DE","og_type":"article","og_title":"Lexikon","og_description":"Warum sollten Sie einen Temperatur Logger f\u00fcr Ihre T\u00e4tigkeit w\u00e4hlen? Was ist die K\u00fchlkette? Was bedeutet HACCP? Konsultieren Sie unser Lexikon!","og_url":"https:\/\/www.plugandtrack.com\/de\/lexikon\/","og_site_name":"Plug and Track","article_modified_time":"2022-04-26T15:49:28+00:00","twitter_card":"summary_large_image","twitter_site":"@plugandtrack","twitter_misc":{"Gesch\u00e4tzte Lesezeit":"5 Minuten"},"schema":{"@context":"https:\/\/schema.org","@graph":[{"@type":"Article","@id":"https:\/\/www.plugandtrack.com\/de\/lexikon\/#article","isPartOf":{"@id":"https:\/\/www.plugandtrack.com\/de\/lexikon\/"},"author":{"name":"tqueva","@id":"https:\/\/www.plugandtrack.com\/de\/#\/schema\/person\/1b2f4834b89f82520c43252a411949ac"},"headline":"Lexikon","datePublished":"2020-05-13T06:42:49+00:00","dateModified":"2022-04-26T15:49:28+00:00","mainEntityOfPage":{"@id":"https:\/\/www.plugandtrack.com\/de\/lexikon\/"},"wordCount":946,"publisher":{"@id":"https:\/\/www.plugandtrack.com\/de\/#organization"},"inLanguage":"de-DE"},{"@type":"WebPage","@id":"https:\/\/www.plugandtrack.com\/de\/lexikon\/","url":"https:\/\/www.plugandtrack.com\/de\/lexikon\/","name":"Lexikon Temperatur Datenlogger HACCP","isPartOf":{"@id":"https:\/\/www.plugandtrack.com\/de\/#website"},"datePublished":"2020-05-13T06:42:49+00:00","dateModified":"2022-04-26T15:49:28+00:00","description":"Warum sollten Sie einen Temperatur Logger f\u00fcr Ihre T\u00e4tigkeit w\u00e4hlen? Was ist die K\u00fchlkette? Was bedeutet HACCP? Konsultieren Sie unser Lexikon!","inLanguage":"de-DE","potentialAction":[{"@type":"ReadAction","target":["https:\/\/www.plugandtrack.com\/de\/lexikon\/"]}]},{"@type":"WebSite","@id":"https:\/\/www.plugandtrack.com\/de\/#website","url":"https:\/\/www.plugandtrack.com\/de\/","name":"Plug and Track","description":"Sondes &amp; Enregistreurs de Temp\u00e9rature, Humidit\u00e9. Logiciels de contr\u00f4le et de surveillance avec envoi d&#039;alarmes","publisher":{"@id":"https:\/\/www.plugandtrack.com\/de\/#organization"},"potentialAction":[{"@type":"SearchAction","target":{"@type":"EntryPoint","urlTemplate":"https:\/\/www.plugandtrack.com\/de\/?s={search_term_string}"},"query-input":{"@type":"PropertyValueSpecification","valueRequired":true,"valueName":"search_term_string"}}],"inLanguage":"de-DE"},{"@type":"Organization","@id":"https:\/\/www.plugandtrack.com\/de\/#organization","name":"PLUG AND TRACK","alternateName":"PROGES PLUS","url":"https:\/\/www.plugandtrack.com\/de\/","logo":{"@type":"ImageObject","inLanguage":"de-DE","@id":"https:\/\/www.plugandtrack.com\/de\/#\/schema\/logo\/image\/","url":"https:\/\/www.plugandtrack.com\/wp-content\/uploads\/2020\/03\/cropped-favicon-pat.png","contentUrl":"https:\/\/www.plugandtrack.com\/wp-content\/uploads\/2020\/03\/cropped-favicon-pat.png","width":512,"height":512,"caption":"PLUG AND TRACK"},"image":{"@id":"https:\/\/www.plugandtrack.com\/de\/#\/schema\/logo\/image\/"},"sameAs":["https:\/\/x.com\/plugandtrack","https:\/\/www.linkedin.com\/company\/plug-and-track"],"description":"Plug and Track est une entreprise fran\u00e7aise, sp\u00e9cialis\u00e9e dans la surveillance en temps r\u00e9el des temp\u00e9ratures, de l\u2019humidit\u00e9 et d\u2019autres param\u00e8tres physiques essentiels pour divers secteurs tels que la pharmacie, l'agroalimentaire, et la recherche. Les produits de Plug and Track incluent des enregistreurs de temp\u00e9rature comme les Thermo et Hygro Boutons, des sondes de temp\u00e9rature connect\u00e9es en utilisant l\u2019ethernet, les liaisons sans fil, NB-IoT, GSM ausi que des solutions sp\u00e9cialis\u00e9es pour les camions frigorifiques et les serveurs informatiques. Ces dispositifs permettent non seulement un suivi d\u00e9taill\u00e9 mais aussi l'envoi d'alertes automatiques en cas de d\u00e9passements de seuils critiques, assurant ainsi la conformit\u00e9 r\u00e9glementaire et la s\u00e9curit\u00e9 des produits sensibles. Avec une gamme allant des sondes simples aux syst\u00e8mes int\u00e9gr\u00e9s plus complexes, Plug and Track r\u00e9pond aux besoins sp\u00e9cifiques de surveillance, de conformit\u00e9 r\u00e9glementaire, et d\u2019efficacit\u00e9 op\u00e9rationnelle pour ses clients. Leur engagement envers la qualit\u00e9 et l'innovation technologique fait de Plug and Track un leader dans le domaine de la surveillance de conditions critiques.","email":"proges@proges.cpm","telephone":"+33320646363","legalName":"PROGES PLUS","foundingDate":"1985-10-01","vatID":"FR53333601573","taxID":"FR5333360157300046","numberOfEmployees":{"@type":"QuantitativeValue","minValue":"11","maxValue":"50"}},{"@type":"Person","@id":"https:\/\/www.plugandtrack.com\/de\/#\/schema\/person\/1b2f4834b89f82520c43252a411949ac","name":"tqueva","image":{"@type":"ImageObject","inLanguage":"de-DE","@id":"https:\/\/secure.gravatar.com\/avatar\/026264ffbd40926ea429dd415307309029b259060230d55f77e73252badec96a?s=96&d=mm&r=g","url":"https:\/\/secure.gravatar.com\/avatar\/026264ffbd40926ea429dd415307309029b259060230d55f77e73252badec96a?s=96&d=mm&r=g","contentUrl":"https:\/\/secure.gravatar.com\/avatar\/026264ffbd40926ea429dd415307309029b259060230d55f77e73252badec96a?s=96&d=mm&r=g","caption":"tqueva"},"url":"https:\/\/www.plugandtrack.com\/de\/author\/tqueva\/"}]}},"_links":{"self":[{"href":"https:\/\/www.plugandtrack.com\/de\/wp-json\/wp\/v2\/pages\/2605","targetHints":{"allow":["GET"]}}],"collection":[{"href":"https:\/\/www.plugandtrack.com\/de\/wp-json\/wp\/v2\/pages"}],"about":[{"href":"https:\/\/www.plugandtrack.com\/de\/wp-json\/wp\/v2\/types\/page"}],"author":[{"embeddable":true,"href":"https:\/\/www.plugandtrack.com\/de\/wp-json\/wp\/v2\/users\/7"}],"replies":[{"embeddable":true,"href":"https:\/\/www.plugandtrack.com\/de\/wp-json\/wp\/v2\/comments?post=2605"}],"version-history":[{"count":0,"href":"https:\/\/www.plugandtrack.com\/de\/wp-json\/wp\/v2\/pages\/2605\/revisions"}],"wp:attachment":[{"href":"https:\/\/www.plugandtrack.com\/de\/wp-json\/wp\/v2\/media?parent=2605"}],"curies":[{"name":"wp","href":"https:\/\/api.w.org\/{rel}","templated":true}]}}